{"id":102,"date":"2020-03-21T14:20:18","date_gmt":"2020-03-21T14:20:18","guid":{"rendered":"https:\/\/waldbauverein-otterberg.de\/?page_id=102"},"modified":"2025-10-23T21:13:52","modified_gmt":"2025-10-23T21:13:52","slug":"privatwaldbetreuer","status":"publish","type":"page","link":"https:\/\/waldbauverein-otterberg.de\/?page_id=102","title":{"rendered":"Privatwaldbetreuer"},"content":{"rendered":"\n<p>Bereich des Forstamtes Otterberg:<br>Marcus Siebert<br>Privatwaldbetreuer Nordpf\u00e4lzer Bergland<br>Regionalf\u00f6rster<br>FORSTAMT Otterberg<br>Otterstra\u00dfe 47<br>67697 Otterberg<br>Telefon: 06301-7926-16<br>Fax: 06301-7926-29<br>Mobil: 0152 28851252<br><a>marcus.siebert@wald-rlp.de<\/a><br>www.otterberg.wald-rlp.de<br>www.wald-rlp.de<\/p>\n\n\n\n<figure class=\"wp-block-image size-full\"><img loading=\"lazy\" decoding=\"async\" width=\"253\" height=\"322\" src=\"https:\/\/waldbauverein-otterberg.de\/wp-content\/uploads\/2024\/12\/Siebert.jpg\" alt=\"\" class=\"wp-image-615\" srcset=\"https:\/\/waldbauverein-otterberg.de\/wp-content\/uploads\/2024\/12\/Siebert.jpg 253w, https:\/\/waldbauverein-otterberg.de\/wp-content\/uploads\/2024\/12\/Siebert-236x300.jpg 236w, https:\/\/waldbauverein-otterberg.de\/wp-content\/uploads\/2024\/12\/Siebert-118x150.jpg 118w\" sizes=\"auto, (max-width: 253px) 100vw, 253px\" \/><\/figure>\n\n\n\n<p>Bereich des Forstamtes Donnersberg:<br>Herr Ditmar Bungert Tel. 0174-917 86 61<br>E-Mail: ditmar.bungert@wald-rlp.de<\/p>\n\n\n\n<figure class=\"wp-block-image size-full\"><img loading=\"lazy\" decoding=\"async\" width=\"382\" height=\"377\" src=\"https:\/\/waldbauverein-otterberg.de\/wp-content\/uploads\/2024\/12\/Bungert.jpg\" alt=\"\" class=\"wp-image-617\" srcset=\"https:\/\/waldbauverein-otterberg.de\/wp-content\/uploads\/2024\/12\/Bungert.jpg 382w, https:\/\/waldbauverein-otterberg.de\/wp-content\/uploads\/2024\/12\/Bungert-300x296.jpg 300w, https:\/\/waldbauverein-otterberg.de\/wp-content\/uploads\/2024\/12\/Bungert-150x148.jpg 150w\" sizes=\"auto, (max-width: 382px) 100vw, 382px\" \/><\/figure>\n","protected":false},"excerpt":{"rendered":"<p>Bereich des Forstamtes Otterberg:Marcus SiebertPrivatwaldbetreuer Nordpf\u00e4lzer BerglandRegionalf\u00f6rsterFORSTAMT OtterbergOtterstra\u00dfe 4767697 OtterbergTelefon: 06301-7926-16Fax: 06301-7926-29Mobil: 0152 28851252marcus.siebert@wald-rlp.dewww.otterberg.wald-rlp.dewww.wald-rlp.de Bereich des Forstamtes Donnersberg:Herr Ditmar Bungert Tel. 0174-917 86 61E-Mail: ditmar.bungert@wald-rlp.de<\/p>\n","protected":false},"author":1,"featured_media":0,"parent":27,"menu_order":5,"comment_status":"closed","ping_status":"closed","template":"","meta":{"footnotes":""},"class_list":["post-102","page","type-page","status-publish","hentry"],"_links":{"self":[{"href":"https:\/\/waldbauverein-otterberg.de\/index.php?rest_route=\/wp\/v2\/pages\/102","targetHints":{"allow":["GET"]}}],"collection":[{"href":"https:\/\/waldbauverein-otterberg.de\/index.php?rest_route=\/wp\/v2\/pages"}],"about":[{"href":"https:\/\/waldbauverein-otterberg.de\/index.php?rest_route=\/wp\/v2\/types\/page"}],"author":[{"embeddable":true,"href":"https:\/\/waldbauverein-otterberg.de\/index.php?rest_route=\/wp\/v2\/users\/1"}],"replies":[{"embeddable":true,"href":"https:\/\/waldbauverein-otterberg.de\/index.php?rest_route=%2Fwp%2Fv2%2Fcomments&post=102"}],"version-history":[{"count":4,"href":"https:\/\/waldbauverein-otterberg.de\/index.php?rest_route=\/wp\/v2\/pages\/102\/revisions"}],"predecessor-version":[{"id":618,"href":"https:\/\/waldbauverein-otterberg.de\/index.php?rest_route=\/wp\/v2\/pages\/102\/revisions\/618"}],"up":[{"embeddable":true,"href":"https:\/\/waldbauverein-otterberg.de\/index.php?rest_route=\/wp\/v2\/pages\/27"}],"wp:attachment":[{"href":"https:\/\/waldbauverein-otterberg.de\/index.php?rest_route=%2Fwp%2Fv2%2Fmedia&parent=102"}],"curies":[{"name":"wp","href":"https:\/\/api.w.org\/{rel}","templated":true}]}}