{"id":109,"date":"2020-04-15T08:08:13","date_gmt":"2020-04-15T08:08:13","guid":{"rendered":"https:\/\/waldbauverein-otterberg.de\/?page_id=109"},"modified":"2025-10-23T21:50:58","modified_gmt":"2025-10-23T21:50:58","slug":"versicherungen","status":"publish","type":"page","link":"https:\/\/waldbauverein-otterberg.de\/?page_id=109","title":{"rendered":"Versicherungen"},"content":{"rendered":"\n<p>Als Mitglied des Waldbauvereins Otterberg k\u00f6nnen Sie eine <br>Waldbrandversicherung, eine Waldhaftpflichtversicherung und eine Versicherung f\u00fcr Christbaumkulturen abschlie\u00dfen.<\/p>\n\n\n\n<p>Bei der <strong>Waldbrandversicherung<\/strong> bestimmt die Waldfl\u00e4che den Mitgliedsbeitrag.  Ihren Beitrag k\u00f6nnen Sie der Tabelle entnehmen.<\/p>\n\n\n\n<figure class=\"wp-block-image size-large\"><img loading=\"lazy\" decoding=\"async\" width=\"523\" height=\"330\" src=\"https:\/\/waldbauverein-otterberg.de\/wp-content\/uploads\/2021\/02\/Waldbrand-Berechnung.png\" alt=\"\" class=\"wp-image-211\" srcset=\"https:\/\/waldbauverein-otterberg.de\/wp-content\/uploads\/2021\/02\/Waldbrand-Berechnung.png 523w, https:\/\/waldbauverein-otterberg.de\/wp-content\/uploads\/2021\/02\/Waldbrand-Berechnung-300x189.png 300w, https:\/\/waldbauverein-otterberg.de\/wp-content\/uploads\/2021\/02\/Waldbrand-Berechnung-150x95.png 150w\" sizes=\"auto, (max-width: 523px) 100vw, 523px\" \/><\/figure>\n\n\n\n<div class=\"wp-block-file\"><a href=\"https:\/\/waldbauverein-otterberg.de\/wp-content\/uploads\/2021\/02\/Waldbewertungstabelle.pdf\">Waldbewertungstabelle<\/a><a href=\"https:\/\/waldbauverein-otterberg.de\/wp-content\/uploads\/2021\/02\/Waldbewertungstabelle.pdf\" class=\"wp-block-file__button wp-element-button\" download>Herunterladen<\/a><\/div>\n\n\n\n<div class=\"wp-block-file\"><a href=\"https:\/\/waldbauverein-otterberg.de\/wp-content\/uploads\/2021\/02\/Entschaedigungstabelle-Bayern.pdf\">Entschaedigungstabelle-Bayern<\/a><a href=\"https:\/\/waldbauverein-otterberg.de\/wp-content\/uploads\/2021\/02\/Entschaedigungstabelle-Bayern.pdf\" class=\"wp-block-file__button wp-element-button\" download>Herunterladen<\/a><\/div>\n\n\n\n<p>F\u00fcr die <strong>Waldhaftpflichtversicherung<\/strong> gilt ein Beitrag von 1,50 \u20ac pro angefangenem ha. <\/p>\n\n\n\n<div class=\"wp-block-file\"><a href=\"https:\/\/waldbauverein-otterberg.de\/wp-content\/uploads\/2021\/02\/fragen_haftpflichtrisiko_waldbesitzer.pdf\">fragen_haftpflichtrisiko_waldbesitzer<\/a><a href=\"https:\/\/waldbauverein-otterberg.de\/wp-content\/uploads\/2021\/02\/fragen_haftpflichtrisiko_waldbesitzer.pdf\" class=\"wp-block-file__button wp-element-button\" download>Herunterladen<\/a><\/div>\n\n\n\n<p>F\u00fcr Christbaumkulturen gelten eigene Versicherungsbedingungen, 1 ha kostet 15 \u20ac im Jahr.<\/p>\n\n\n\n<div data-wp-interactive=\"core\/file\" class=\"wp-block-file\"><object data-wp-bind--hidden=\"!state.hasPdfPreview\" hidden class=\"wp-block-file__embed\" data=\"https:\/\/waldbauverein-otterberg.de\/wp-content\/uploads\/2025\/10\/Waldbrandversicherung-Beitrittserklaerung.pdf\" type=\"application\/pdf\" style=\"width:100%;height:600px\" aria-label=\"Einbettung von Waldbrandversicherung-Beitrittserkl\u00e4rung.\"><\/object><a id=\"wp-block-file--media-aa64c6f1-9016-4977-b430-0fd335d5915a\" href=\"https:\/\/waldbauverein-otterberg.de\/wp-content\/uploads\/2025\/10\/Waldbrandversicherung-Beitrittserklaerung.pdf\">Waldbrandversicherung-Beitrittserkl\u00e4rung<\/a><a href=\"https:\/\/waldbauverein-otterberg.de\/wp-content\/uploads\/2025\/10\/Waldbrandversicherung-Beitrittserklaerung.pdf\" class=\"wp-block-file__button wp-element-button\" download aria-describedby=\"wp-block-file--media-aa64c6f1-9016-4977-b430-0fd335d5915a\">Herunterladen<\/a><\/div>\n\n\n\n<div data-wp-interactive=\"core\/file\" class=\"wp-block-file\"><object data-wp-bind--hidden=\"!state.hasPdfPreview\" hidden class=\"wp-block-file__embed\" data=\"https:\/\/waldbauverein-otterberg.de\/wp-content\/uploads\/2025\/10\/Waldhaftpflicht-Beitrittserklaerung.pdf\" type=\"application\/pdf\" style=\"width:100%;height:600px\" aria-label=\"Einbettung von Waldhaftpflicht-Beitrittserkl\u00e4rung.\"><\/object><a id=\"wp-block-file--media-c3bb2f18-e46c-4a70-82ad-7f8efce08136\" href=\"https:\/\/waldbauverein-otterberg.de\/wp-content\/uploads\/2025\/10\/Waldhaftpflicht-Beitrittserklaerung.pdf\">Waldhaftpflicht-Beitrittserkl\u00e4rung<\/a><a href=\"https:\/\/waldbauverein-otterberg.de\/wp-content\/uploads\/2025\/10\/Waldhaftpflicht-Beitrittserklaerung.pdf\" class=\"wp-block-file__button wp-element-button\" download aria-describedby=\"wp-block-file--media-c3bb2f18-e46c-4a70-82ad-7f8efce08136\">Herunterladen<\/a><\/div>\n\n\n\n<div data-wp-interactive=\"core\/file\" class=\"wp-block-file\"><object data-wp-bind--hidden=\"!state.hasPdfPreview\" hidden class=\"wp-block-file__embed\" data=\"https:\/\/waldbauverein-otterberg.de\/wp-content\/uploads\/2025\/10\/Kuendigung.pdf\" type=\"application\/pdf\" style=\"width:100%;height:600px\" aria-label=\"Einbettung von K\u00fcndigung.\"><\/object><a id=\"wp-block-file--media-dc67e11d-f422-4759-9a81-18a38b46bf62\" href=\"https:\/\/waldbauverein-otterberg.de\/wp-content\/uploads\/2025\/10\/Kuendigung.pdf\">K\u00fcndigung<\/a><a href=\"https:\/\/waldbauverein-otterberg.de\/wp-content\/uploads\/2025\/10\/Kuendigung.pdf\" class=\"wp-block-file__button wp-element-button\" download aria-describedby=\"wp-block-file--media-dc67e11d-f422-4759-9a81-18a38b46bf62\">Herunterladen<\/a><\/div>\n\n\n\n<p><\/p>\n","protected":false},"excerpt":{"rendered":"<p>Als Mitglied des Waldbauvereins Otterberg k\u00f6nnen Sie eine Waldbrandversicherung, eine Waldhaftpflichtversicherung und eine Versicherung f\u00fcr Christbaumkulturen abschlie\u00dfen. Bei der Waldbrandversicherung bestimmt die Waldfl\u00e4che den Mitgliedsbeitrag. Ihren Beitrag k\u00f6nnen Sie der Tabelle entnehmen. F\u00fcr die Waldhaftpflichtversicherung gilt ein Beitrag von 1,50 \u20ac pro angefangenem ha. F\u00fcr Christbaumkulturen gelten eigene Versicherungsbedingungen, 1 ha kostet 15 \u20ac im [&hellip;]<\/p>\n","protected":false},"author":1,"featured_media":0,"parent":485,"menu_order":1,"comment_status":"closed","ping_status":"closed","template":"","meta":{"footnotes":""},"class_list":["post-109","page","type-page","status-publish","hentry"],"_links":{"self":[{"href":"https:\/\/waldbauverein-otterberg.de\/index.php?rest_route=\/wp\/v2\/pages\/109","targetHints":{"allow":["GET"]}}],"collection":[{"href":"https:\/\/waldbauverein-otterberg.de\/index.php?rest_route=\/wp\/v2\/pages"}],"about":[{"href":"https:\/\/waldbauverein-otterberg.de\/index.php?rest_route=\/wp\/v2\/types\/page"}],"author":[{"embeddable":true,"href":"https:\/\/waldbauverein-otterberg.de\/index.php?rest_route=\/wp\/v2\/users\/1"}],"replies":[{"embeddable":true,"href":"https:\/\/waldbauverein-otterberg.de\/index.php?rest_route=%2Fwp%2Fv2%2Fcomments&post=109"}],"version-history":[{"count":3,"href":"https:\/\/waldbauverein-otterberg.de\/index.php?rest_route=\/wp\/v2\/pages\/109\/revisions"}],"predecessor-version":[{"id":754,"href":"https:\/\/waldbauverein-otterberg.de\/index.php?rest_route=\/wp\/v2\/pages\/109\/revisions\/754"}],"up":[{"embeddable":true,"href":"https:\/\/waldbauverein-otterberg.de\/index.php?rest_route=\/wp\/v2\/pages\/485"}],"wp:attachment":[{"href":"https:\/\/waldbauverein-otterberg.de\/index.php?rest_route=%2Fwp%2Fv2%2Fmedia&parent=109"}],"curies":[{"name":"wp","href":"https:\/\/api.w.org\/{rel}","templated":true}]}}