{"id":16,"date":"2020-02-20T12:45:43","date_gmt":"2020-02-20T12:45:43","guid":{"rendered":"https:\/\/waldbauverein-otterberg.de\/?page_id=16"},"modified":"2026-03-26T15:33:31","modified_gmt":"2026-03-26T15:33:31","slug":"ueber-uns","status":"publish","type":"page","link":"https:\/\/waldbauverein-otterberg.de\/?page_id=16","title":{"rendered":"\u00dcber uns"},"content":{"rendered":"\n<figure class=\"wp-block-image size-large\"><img loading=\"lazy\" decoding=\"async\" width=\"1017\" height=\"560\" src=\"https:\/\/waldbauverein-otterberg.de\/wp-content\/uploads\/2020\/12\/LOGO-WBV.png\" alt=\"\" class=\"wp-image-188\" srcset=\"https:\/\/waldbauverein-otterberg.de\/wp-content\/uploads\/2020\/12\/LOGO-WBV.png 1017w, https:\/\/waldbauverein-otterberg.de\/wp-content\/uploads\/2020\/12\/LOGO-WBV-300x165.png 300w, https:\/\/waldbauverein-otterberg.de\/wp-content\/uploads\/2020\/12\/LOGO-WBV-150x83.png 150w, https:\/\/waldbauverein-otterberg.de\/wp-content\/uploads\/2020\/12\/LOGO-WBV-768x423.png 768w\" sizes=\"auto, (max-width: 1017px) 100vw, 1017px\" \/><\/figure>\n\n\n\n<p class=\"has-text-color has-larger-font-size\" style=\"color:#20722e\"><em><strong>Ihr Partner f\u00fcr den privaten Waldbesitz<\/strong><\/em><\/p>\n\n\n\n<p class=\"has-text-color\" style=\"color:#20722e\"><strong>Der Waldbauverein Otterberg e. V. ist eine starke Interessengemeinschaft von rund 500 privaten Waldbesitzern und Waldfreunden mit Schwerpunkt in den Forst\u00e4mtern Donnersberg und Otterberg. Der Waldbauverein ist korporativ dem <a href=\"https:\/\/waldbesitzerverband-rlp.de\/\">Waldbesitzerverband f\u00fcr Rheinland-Pfalz e.V.<\/a> angeschlossen. Im Laufe der letzten Jahre konnten wir immer mehr Mitglieder und Freunde beim Waldbauverein Otterberg begr\u00fc\u00dfen und freuen uns \u00fcber regen Zuwachs und steigende Mitgliederzahlen. <\/strong><\/p>\n\n\n\n<p class=\"has-text-color\" style=\"color:#20722e\"><strong>Was wir gemeinsam wollen<\/strong><\/p>\n\n\n\n<p class=\"has-text-color\" style=\"color:#228822\">Wir m\u00f6chten f\u00fcr unseren Wald und f\u00fcr eine nachhaltige Waldwirtschaft begeistern. Die Neuanlage von Wald auf bisher landwirtschaftlichen Fl\u00e4chen als Nutzungsalternative anbieten. Die Mobilisierung des nat\u00fcrlich und nachhaltig produzierten Rohstoffes Holz unterst\u00fctzen. Den Pflegezustand, Erschlie\u00dfung und Struktur unserer W\u00e4lder verbessern. Die vielf\u00e4ltigen \u00f6kologischen, landeskulturellen und touristischen Funktionen unserer W\u00e4lder erhalten und f\u00f6rdern.<\/p>\n\n\n\n<p class=\"has-text-color\" style=\"color:#20722e\"><strong>Was wir bieten<\/strong><\/p>\n\n\n\n<p class=\"has-text-align-left has-text-color has-normal-font-size\" style=\"color:#20722e\"><strong>Wissensvermittlung<\/strong>:<br>Motors\u00e4genlehrg\u00e4nge<br>Fachexkursionen und praktische \u00dcbungen zu ausgew\u00e4hlten Themen<br>Fachvortr\u00e4ge, Erfahrungsaustausch<br>Waldbaulehrfahrten<br>Spezialkurse wie z. B. Obstbaumschnitt<br>drei mal j\u00e4hrlich Bezug der Mitgliedszeitschrift &#8222;Der Waldbesitzer&#8220;<br>enge Zusammenarbeit mit den Forst\u00e4mtern und den Privatwaldbetreuern<\/p>\n\n\n\n<p class=\"has-text-color\" style=\"color:#228822\"><strong>Hilfe bei der Bewirtschaftung:<\/strong><br>kosteng\u00fcnstige Waldbrandversicherung<br>kosteng\u00fcnstige Haftpflichtversicherung<br>Unterst\u00fctzung bei der Holzverwertung<br>B\u00fcndelung von F\u00f6rderma\u00dfnahmen des Landes und der EU<br><strong>PEFC &#8211; Zertifizierung<\/strong>&nbsp;f\u00fcr Forstbetriebe<br>Waldb\u00f6rse: Hilfe beim Kauf und Verkauf von Waldgrundst\u00fccken<br>Rabattvereinbarungen bei Materialbeschaffung<\/p>\n\n\n\n<p class=\"has-text-color\" style=\"color:#20722e\">Bei folgenden Firmen k\u00f6nnen Sie \u00fcber Ihre Mitgliedschaft beim WBV Otterberg verg\u00fcnstigt einkaufen:<\/p>\n\n\n\n<p class=\"has-text-color\" style=\"color:#20722e\">Krauss GbR, Hainweg 2, 67677 Enkenbach Alsenborn&nbsp;<br> Tel.: 06303 5110  <a href=\"https:\/\/www.landmaschinen-krauss.de\/\">https:\/\/www.landmaschinen-krauss.de\/<\/a> <br><br>Fischer &amp; Sohn GmbH, Am Hochgericht 32, 67705 Trippstadt &nbsp;<br> Tel: &nbsp; 06306-459        <a href=\"https:\/\/fischer-und-sohn67705.jimdofree.com\/\">https:\/\/fischer-und-sohn67705.jimdofree.com\/<\/a> <br><br>Hein Nils, &nbsp;Heimkircher Str. 44, 67700 Niederkirchen&nbsp;<br> Tel.: 06363-5982  <a href=\"https:\/\/haendler.husqvarna.com\/l\/niederkirchen\/heimkircher-strasse-44\/1741904\">https:\/\/haendler.husqvarna.com\/l\/niederkirchen\/heimkircher-strasse-44\/1741904<\/a> <br><br>Mayer Martin, Forstbetrieb, Schillerstr. 27, 66851 Bann<br> Tel.:0176 \u2013 87147173   <a href=\"http:\/\/forstbetrieb-mm.de\/impressum\/\">http:\/\/forstbetrieb-mm.de\/impressum\/<\/a> <br><br>Wilhelm Landtechnik, Hauptstra\u00dfe 44 a, 67821 Oberndorf <br> Tel.: 06362 \/ 993024  <a href=\"http:\/\/landtechnik-wilhelm.de\/\">http:\/\/landtechnik-wilhelm.de\/<\/a><\/p>\n","protected":false},"excerpt":{"rendered":"<p>Ihr Partner f\u00fcr den privaten Waldbesitz Der Waldbauverein Otterberg e. V. ist eine starke Interessengemeinschaft von rund 500 privaten Waldbesitzern und Waldfreunden mit Schwerpunkt in den Forst\u00e4mtern Donnersberg und Otterberg. Der Waldbauverein ist korporativ dem Waldbesitzerverband f\u00fcr Rheinland-Pfalz e.V. angeschlossen. Im Laufe der letzten Jahre konnten wir immer mehr Mitglieder und Freunde beim Waldbauverein Otterberg [&hellip;]<\/p>\n","protected":false},"author":1,"featured_media":0,"parent":9,"menu_order":1,"comment_status":"closed","ping_status":"closed","template":"","meta":{"footnotes":""},"class_list":["post-16","page","type-page","status-publish","hentry"],"_links":{"self":[{"href":"https:\/\/waldbauverein-otterberg.de\/index.php?rest_route=\/wp\/v2\/pages\/16","targetHints":{"allow":["GET"]}}],"collection":[{"href":"https:\/\/waldbauverein-otterberg.de\/index.php?rest_route=\/wp\/v2\/pages"}],"about":[{"href":"https:\/\/waldbauverein-otterberg.de\/index.php?rest_route=\/wp\/v2\/types\/page"}],"author":[{"embeddable":true,"href":"https:\/\/waldbauverein-otterberg.de\/index.php?rest_route=\/wp\/v2\/users\/1"}],"replies":[{"embeddable":true,"href":"https:\/\/waldbauverein-otterberg.de\/index.php?rest_route=%2Fwp%2Fv2%2Fcomments&post=16"}],"version-history":[{"count":11,"href":"https:\/\/waldbauverein-otterberg.de\/index.php?rest_route=\/wp\/v2\/pages\/16\/revisions"}],"predecessor-version":[{"id":819,"href":"https:\/\/waldbauverein-otterberg.de\/index.php?rest_route=\/wp\/v2\/pages\/16\/revisions\/819"}],"up":[{"embeddable":true,"href":"https:\/\/waldbauverein-otterberg.de\/index.php?rest_route=\/wp\/v2\/pages\/9"}],"wp:attachment":[{"href":"https:\/\/waldbauverein-otterberg.de\/index.php?rest_route=%2Fwp%2Fv2%2Fmedia&parent=16"}],"curies":[{"name":"wp","href":"https:\/\/api.w.org\/{rel}","templated":true}]}}