{"id":21,"date":"2020-02-20T13:15:08","date_gmt":"2020-02-20T13:15:08","guid":{"rendered":"https:\/\/waldbauverein-otterberg.de\/?page_id=21"},"modified":"2026-03-25T22:18:18","modified_gmt":"2026-03-25T22:18:18","slug":"vorstand","status":"publish","type":"page","link":"https:\/\/waldbauverein-otterberg.de\/?page_id=21","title":{"rendered":"Vorstand"},"content":{"rendered":"\n<p class=\"has-text-align-center\">1. Vorsitzender<br>Martin M\u00fcller<br>mueller@waldbauverein-otterberg.de<\/p>\n\n\n\n<p class=\"has-text-align-center\"> 2. Vorsitzender<br>Herbert Brand <br>brand@waldbauverein-otterberg.de <\/p>\n\n\n\n<p class=\"has-text-align-center\">Gesch\u00e4ftsf\u00fchrer <br>Tobias Adam<br>tobias.adam@wald-rlp.de<\/p>\n\n\n\n<p class=\"has-text-color\" style=\"color:#010b0f\">Beisitzer ab 30.3.2023:<br>Andreas Alter<br>Georg Bauer<br>Kurt Christmann<br>Karl Gortner<br>G\u00fcnter Haardt<br>Markus M\u00fcller<br>Karlheinz Sundheimer<br>Klaus-Dieter Walther<\/p>\n\n\n\n<p>Rechnungspr\u00fcfer*innen<br>Peter Strasser<br>Renate Grobosch<\/p>\n\n\n\n<p>Von links nach rechts: Gatti (Gesch\u00e4ftsf\u00fchrer bis 25.3.2026), Alter, Strasser, Gortner, Markus M\u00fcller, Martin M\u00fcller, Grobosch, Christmann, Walther, Haardt, Sundheimer, Brand.<\/p>\n\n\n\n<figure class=\"wp-block-image size-large\"><img loading=\"lazy\" decoding=\"async\" width=\"1024\" height=\"369\" src=\"https:\/\/waldbauverein-otterberg.de\/wp-content\/uploads\/2023\/03\/Vorstand-1024x369.jpg\" alt=\"\" class=\"wp-image-385\" srcset=\"https:\/\/waldbauverein-otterberg.de\/wp-content\/uploads\/2023\/03\/Vorstand-1024x369.jpg 1024w, https:\/\/waldbauverein-otterberg.de\/wp-content\/uploads\/2023\/03\/Vorstand-300x108.jpg 300w, https:\/\/waldbauverein-otterberg.de\/wp-content\/uploads\/2023\/03\/Vorstand-150x54.jpg 150w, https:\/\/waldbauverein-otterberg.de\/wp-content\/uploads\/2023\/03\/Vorstand-768x276.jpg 768w, https:\/\/waldbauverein-otterberg.de\/wp-content\/uploads\/2023\/03\/Vorstand-1536x553.jpg 1536w, https:\/\/waldbauverein-otterberg.de\/wp-content\/uploads\/2023\/03\/Vorstand-2048x737.jpg 2048w, https:\/\/waldbauverein-otterberg.de\/wp-content\/uploads\/2023\/03\/Vorstand-1200x432.jpg 1200w, https:\/\/waldbauverein-otterberg.de\/wp-content\/uploads\/2023\/03\/Vorstand-1980x713.jpg 1980w\" sizes=\"auto, (max-width: 1024px) 100vw, 1024px\" \/><\/figure>\n","protected":false},"excerpt":{"rendered":"<p>1. VorsitzenderMartin M\u00fcllermueller@waldbauverein-otterberg.de 2. VorsitzenderHerbert Brand brand@waldbauverein-otterberg.de Gesch\u00e4ftsf\u00fchrer Tobias Adamtobias.adam@wald-rlp.de Beisitzer ab 30.3.2023:Andreas AlterGeorg BauerKurt ChristmannKarl GortnerG\u00fcnter HaardtMarkus M\u00fcllerKarlheinz SundheimerKlaus-Dieter Walther Rechnungspr\u00fcfer*innenPeter StrasserRenate Grobosch Von links nach rechts: Gatti (Gesch\u00e4ftsf\u00fchrer bis 25.3.2026), Alter, Strasser, Gortner, Markus M\u00fcller, Martin M\u00fcller, Grobosch, Christmann, Walther, Haardt, Sundheimer, Brand.<\/p>\n","protected":false},"author":1,"featured_media":0,"parent":27,"menu_order":3,"comment_status":"closed","ping_status":"closed","template":"","meta":{"footnotes":""},"class_list":["post-21","page","type-page","status-publish","hentry"],"_links":{"self":[{"href":"https:\/\/waldbauverein-otterberg.de\/index.php?rest_route=\/wp\/v2\/pages\/21","targetHints":{"allow":["GET"]}}],"collection":[{"href":"https:\/\/waldbauverein-otterberg.de\/index.php?rest_route=\/wp\/v2\/pages"}],"about":[{"href":"https:\/\/waldbauverein-otterberg.de\/index.php?rest_route=\/wp\/v2\/types\/page"}],"author":[{"embeddable":true,"href":"https:\/\/waldbauverein-otterberg.de\/index.php?rest_route=\/wp\/v2\/users\/1"}],"replies":[{"embeddable":true,"href":"https:\/\/waldbauverein-otterberg.de\/index.php?rest_route=%2Fwp%2Fv2%2Fcomments&post=21"}],"version-history":[{"count":8,"href":"https:\/\/waldbauverein-otterberg.de\/index.php?rest_route=\/wp\/v2\/pages\/21\/revisions"}],"predecessor-version":[{"id":817,"href":"https:\/\/waldbauverein-otterberg.de\/index.php?rest_route=\/wp\/v2\/pages\/21\/revisions\/817"}],"up":[{"embeddable":true,"href":"https:\/\/waldbauverein-otterberg.de\/index.php?rest_route=\/wp\/v2\/pages\/27"}],"wp:attachment":[{"href":"https:\/\/waldbauverein-otterberg.de\/index.php?rest_route=%2Fwp%2Fv2%2Fmedia&parent=21"}],"curies":[{"name":"wp","href":"https:\/\/api.w.org\/{rel}","templated":true}]}}