{"id":367,"date":"2022-12-02T19:00:21","date_gmt":"2022-12-02T19:00:21","guid":{"rendered":"https:\/\/waldbauverein-otterberg.de\/?page_id=367"},"modified":"2025-10-23T20:52:15","modified_gmt":"2025-10-23T20:52:15","slug":"beim-jagdverband","status":"publish","type":"page","link":"https:\/\/waldbauverein-otterberg.de\/?page_id=367","title":{"rendered":"Beim Jagdverband"},"content":{"rendered":"\n<p>Am ersten Freitag im Dezember folgten Mitglieder des Waldbauvereins Otterberg der Einladung der Kreisgruppe Kaiserslautern der Landesjagdverbandes Rheinland-Pfalz\u00a0in die Hubertush\u00fctte beim Aschbacherhof. Dort erfuhr man, dass jeder Privatwaldbesitzer Mitglied in einer Jagdgenossenschaft ist. F\u00fcr den Landkreis wurden die einzelnen Jagdbezirke gezeigt. Nur durch die engen Absprachen zwischen J\u00e4gern und Waldbesitzern bei den j\u00e4hrlichen Versammlungen kann der Grundstein f\u00fcr eine sinnvolle Entwicklung des Waldes gelegt werden. Deshalb ist es f\u00fcr jeden Waldbesitzer mit einem Sinn f\u00fcr Naturschutz wichtig, daran teilzunehmen. Nach Erl\u00e4uterung vieler\u00a0rechtlicher\u00a0Fragen durch einen Forstbeamten aus Neustadt und\u00a0einer \u00dcbersicht\u00a0zum Erwerb des Jagdscheins konnten die Teilnehmer noch die Schie\u00dfanlage besichtigen, auf der jeder J\u00e4ger den Nachweis erbringen muss, dass er auch gezielt treffen kann.<\/p>\n\n\n\n<figure class=\"wp-block-image size-large\"><img loading=\"lazy\" decoding=\"async\" width=\"1024\" height=\"459\" src=\"https:\/\/waldbauverein-otterberg.de\/wp-content\/uploads\/2022\/12\/Bild2-1024x459.jpg\" alt=\"\" class=\"wp-image-368\" srcset=\"https:\/\/waldbauverein-otterberg.de\/wp-content\/uploads\/2022\/12\/Bild2-1024x459.jpg 1024w, https:\/\/waldbauverein-otterberg.de\/wp-content\/uploads\/2022\/12\/Bild2-300x135.jpg 300w, https:\/\/waldbauverein-otterberg.de\/wp-content\/uploads\/2022\/12\/Bild2-150x67.jpg 150w, https:\/\/waldbauverein-otterberg.de\/wp-content\/uploads\/2022\/12\/Bild2-768x344.jpg 768w, https:\/\/waldbauverein-otterberg.de\/wp-content\/uploads\/2022\/12\/Bild2-1536x689.jpg 1536w, https:\/\/waldbauverein-otterberg.de\/wp-content\/uploads\/2022\/12\/Bild2-2048x918.jpg 2048w, https:\/\/waldbauverein-otterberg.de\/wp-content\/uploads\/2022\/12\/Bild2-1200x538.jpg 1200w, https:\/\/waldbauverein-otterberg.de\/wp-content\/uploads\/2022\/12\/Bild2-1980x888.jpg 1980w\" sizes=\"auto, (max-width: 1024px) 100vw, 1024px\" \/><figcaption class=\"wp-element-caption\">Vorsitzender M\u00fcller beim Vortrag<\/figcaption><\/figure>\n","protected":false},"excerpt":{"rendered":"<p>Am ersten Freitag im Dezember folgten Mitglieder des Waldbauvereins Otterberg der Einladung der Kreisgruppe Kaiserslautern der Landesjagdverbandes Rheinland-Pfalz\u00a0in die Hubertush\u00fctte beim Aschbacherhof. Dort erfuhr man, dass jeder Privatwaldbesitzer Mitglied in einer Jagdgenossenschaft ist. F\u00fcr den Landkreis wurden die einzelnen Jagdbezirke gezeigt. Nur durch die engen Absprachen zwischen J\u00e4gern und Waldbesitzern bei den j\u00e4hrlichen Versammlungen kann [&hellip;]<\/p>\n","protected":false},"author":1,"featured_media":0,"parent":41,"menu_order":44,"comment_status":"closed","ping_status":"closed","template":"","meta":{"footnotes":""},"class_list":["post-367","page","type-page","status-publish","hentry"],"_links":{"self":[{"href":"https:\/\/waldbauverein-otterberg.de\/index.php?rest_route=\/wp\/v2\/pages\/367","targetHints":{"allow":["GET"]}}],"collection":[{"href":"https:\/\/waldbauverein-otterberg.de\/index.php?rest_route=\/wp\/v2\/pages"}],"about":[{"href":"https:\/\/waldbauverein-otterberg.de\/index.php?rest_route=\/wp\/v2\/types\/page"}],"author":[{"embeddable":true,"href":"https:\/\/waldbauverein-otterberg.de\/index.php?rest_route=\/wp\/v2\/users\/1"}],"replies":[{"embeddable":true,"href":"https:\/\/waldbauverein-otterberg.de\/index.php?rest_route=%2Fwp%2Fv2%2Fcomments&post=367"}],"version-history":[{"count":1,"href":"https:\/\/waldbauverein-otterberg.de\/index.php?rest_route=\/wp\/v2\/pages\/367\/revisions"}],"predecessor-version":[{"id":369,"href":"https:\/\/waldbauverein-otterberg.de\/index.php?rest_route=\/wp\/v2\/pages\/367\/revisions\/369"}],"up":[{"embeddable":true,"href":"https:\/\/waldbauverein-otterberg.de\/index.php?rest_route=\/wp\/v2\/pages\/41"}],"wp:attachment":[{"href":"https:\/\/waldbauverein-otterberg.de\/index.php?rest_route=%2Fwp%2Fv2%2Fmedia&parent=367"}],"curies":[{"name":"wp","href":"https:\/\/api.w.org\/{rel}","templated":true}]}}