{"id":37,"date":"2020-02-20T13:37:46","date_gmt":"2020-02-20T13:37:46","guid":{"rendered":"https:\/\/waldbauverein-otterberg.de\/?page_id=37"},"modified":"2026-03-30T18:33:58","modified_gmt":"2026-03-30T18:33:58","slug":"termine","status":"publish","type":"page","link":"https:\/\/waldbauverein-otterberg.de\/?page_id=37","title":{"rendered":"Termine"},"content":{"rendered":"\n<h3 class=\"wp-block-heading\">Film: &#8222;Das kahle Herz-Waldmenschen in Th\u00fcringen&#8220;<\/h3>\n\n\n\n<p>Freitag, 10.4.2026 um 18:30 Uhr, im Clubraum der Stadthalle Otterberg, keine Anmeldung erforderlich.<\/p>\n\n\n\n<h2 class=\"wp-block-heading\">               Dragonerloch<\/h2>\n\n\n\n<p>Waldwachstumskundliche Exkursion zur Kiefern-Versuchsfl\u00e4che 1, Grafenthalerhof \u2013 Treffpunkt Forstamt Otterberg, 8.5.2026 um 15 Uhr<\/p>\n\n\n\n<h2 class=\"wp-block-heading\">PEFC-Waldsprechstunde <\/h2>\n\n\n\n<figure class=\"wp-block-image size-large\"><img loading=\"lazy\" decoding=\"async\" width=\"1024\" height=\"809\" src=\"https:\/\/waldbauverein-otterberg.de\/wp-content\/uploads\/2026\/03\/Seminarinformation-1024x809.jpg\" alt=\"\" class=\"wp-image-833\" srcset=\"https:\/\/waldbauverein-otterberg.de\/wp-content\/uploads\/2026\/03\/Seminarinformation-1024x809.jpg 1024w, https:\/\/waldbauverein-otterberg.de\/wp-content\/uploads\/2026\/03\/Seminarinformation-300x237.jpg 300w, https:\/\/waldbauverein-otterberg.de\/wp-content\/uploads\/2026\/03\/Seminarinformation-150x119.jpg 150w, https:\/\/waldbauverein-otterberg.de\/wp-content\/uploads\/2026\/03\/Seminarinformation-768x607.jpg 768w, https:\/\/waldbauverein-otterberg.de\/wp-content\/uploads\/2026\/03\/Seminarinformation.jpg 1072w\" sizes=\"auto, (max-width: 1024px) 100vw, 1024px\" \/><\/figure>\n\n\n\n<div data-wp-interactive=\"core\/file\" class=\"wp-block-file\"><object data-wp-bind--hidden=\"!state.hasPdfPreview\" hidden class=\"wp-block-file__embed\" data=\"https:\/\/waldbauverein-otterberg.de\/wp-content\/uploads\/2026\/03\/Zeitplan_PEFC-WS_2026-05-22-1.pdf\" type=\"application\/pdf\" style=\"width:100%;height:600px\" aria-label=\"Einbettung von Zeitplan_PEFC-WS_2026-05-22-1.\"><\/object><a id=\"wp-block-file--media-bbda5262-3eef-4f97-9cd3-a7f10186b817\" href=\"https:\/\/waldbauverein-otterberg.de\/wp-content\/uploads\/2026\/03\/Zeitplan_PEFC-WS_2026-05-22-1.pdf\">Zeitplan_PEFC-WS_2026-05-22-1<\/a><a href=\"https:\/\/waldbauverein-otterberg.de\/wp-content\/uploads\/2026\/03\/Zeitplan_PEFC-WS_2026-05-22-1.pdf\" class=\"wp-block-file__button wp-element-button\" download aria-describedby=\"wp-block-file--media-bbda5262-3eef-4f97-9cd3-a7f10186b817\">Herunterladen<\/a><\/div>\n\n\n\n<p>Am 22.5.2026 Sattelm\u00fchle-Stiftung in Esthal.<br><\/p>\n\n\n\n<h2 class=\"wp-block-heading has-text-align-center\">Waldjugendspiele <\/h2>\n\n\n\n<p class=\"has-text-align-center\">Am Mittwoch 3.6.2026 sucht das Forstamt vormittags noch Helfer, bei Tobias Adam melden! Hier die E-Mail-Adresse: tobias.adam@wald-rlp.de<\/p>\n\n\n\n<h2 class=\"wp-block-heading\">            Besuch Firma Stihl<\/h2>\n\n\n\n<p>Am Donnerstag, dem 11.6.2026 fr\u00fch um 6 Uhr geht es nach Waiblingen. Busfahrt frei, 15 Euro pauschal f\u00fcr Mittagessen.<br>Meldung bei Martin M\u00fcller, mmotterberg@yahoo.de.<br><br><\/p>\n\n\n\n<div data-wp-interactive=\"core\/file\" class=\"wp-block-file\"><object data-wp-bind--hidden=\"!state.hasPdfPreview\" hidden class=\"wp-block-file__embed\" data=\"https:\/\/waldbauverein-otterberg.de\/wp-content\/uploads\/2026\/03\/01_STIHL_Anfahrt_Werk_2__STIHL_Markenwelt.pdf\" type=\"application\/pdf\" style=\"width:100%;height:600px\" aria-label=\"Einbettung von 01_STIHL_Anfahrt_Werk_2__STIHL_Markenwelt.\"><\/object><a id=\"wp-block-file--media-49b88930-bac0-4e34-8552-a17ac6ceaccc\" href=\"https:\/\/waldbauverein-otterberg.de\/wp-content\/uploads\/2026\/03\/01_STIHL_Anfahrt_Werk_2__STIHL_Markenwelt.pdf\">01_STIHL_Anfahrt_Werk_2__STIHL_Markenwelt<\/a><a href=\"https:\/\/waldbauverein-otterberg.de\/wp-content\/uploads\/2026\/03\/01_STIHL_Anfahrt_Werk_2__STIHL_Markenwelt.pdf\" class=\"wp-block-file__button wp-element-button\" download aria-describedby=\"wp-block-file--media-49b88930-bac0-4e34-8552-a17ac6ceaccc\">Herunterladen<\/a><\/div>\n\n\n\n<div data-wp-interactive=\"core\/file\" class=\"wp-block-file\"><object data-wp-bind--hidden=\"!state.hasPdfPreview\" hidden class=\"wp-block-file__embed\" data=\"https:\/\/waldbauverein-otterberg.de\/wp-content\/uploads\/2026\/03\/Programm.pdf\" type=\"application\/pdf\" style=\"width:100%;height:600px\" aria-label=\"Einbettung von Programm.\"><\/object><a id=\"wp-block-file--media-0d28de5c-23d4-469a-ab6e-dab6787d6d82\" href=\"https:\/\/waldbauverein-otterberg.de\/wp-content\/uploads\/2026\/03\/Programm.pdf\">Programm<\/a><a href=\"https:\/\/waldbauverein-otterberg.de\/wp-content\/uploads\/2026\/03\/Programm.pdf\" class=\"wp-block-file__button wp-element-button\" download aria-describedby=\"wp-block-file--media-0d28de5c-23d4-469a-ab6e-dab6787d6d82\">Herunterladen<\/a><\/div>\n\n\n\n<h2 class=\"wp-block-heading\">         Herbstexkursion 2026<\/h2>\n\n\n\n<p>Gro\u00dfe Waldbauexkursion vom 22. bis 25.9.2026 nach Bayern.<br>Doppelzimmer 50 Euro pro Nacht und Person, Einzelzimmer 70 Euro. Pro Person Zuschlag von 25 \u20ac pro Tag f\u00fcr Fr\u00fchst\u00fcck und Abendessen. Meldung ausschlie\u00dflich bei Herbert Brand 06301-4222.<\/p>\n\n\n\n<h2 class=\"wp-block-heading\">       Motors\u00e4genkurse<\/h2>\n\n\n\n<p><br>Interessenten k\u00f6nnen sich auch unterj\u00e4hrig direkt bei mir melden. <br>Elmar Winicker<br>elmar.winicker@wald-rlp.de<br>0152-28850812<\/p>\n\n\n\n<p><\/p>\n","protected":false},"excerpt":{"rendered":"<p>Film: &#8222;Das kahle Herz-Waldmenschen in Th\u00fcringen&#8220; Freitag, 10.4.2026 um 18:30 Uhr, im Clubraum der Stadthalle Otterberg, keine Anmeldung erforderlich. Dragonerloch Waldwachstumskundliche Exkursion zur Kiefern-Versuchsfl\u00e4che 1, Grafenthalerhof \u2013 Treffpunkt Forstamt Otterberg, 8.5.2026 um 15 Uhr PEFC-Waldsprechstunde Am 22.5.2026 Sattelm\u00fchle-Stiftung in Esthal. Waldjugendspiele Am Mittwoch 3.6.2026 sucht das Forstamt vormittags noch Helfer, bei Tobias Adam melden! Hier [&hellip;]<\/p>\n","protected":false},"author":1,"featured_media":0,"parent":9,"menu_order":4,"comment_status":"closed","ping_status":"closed","template":"","meta":{"footnotes":""},"class_list":["post-37","page","type-page","status-publish","hentry"],"_links":{"self":[{"href":"https:\/\/waldbauverein-otterberg.de\/index.php?rest_route=\/wp\/v2\/pages\/37","targetHints":{"allow":["GET"]}}],"collection":[{"href":"https:\/\/waldbauverein-otterberg.de\/index.php?rest_route=\/wp\/v2\/pages"}],"about":[{"href":"https:\/\/waldbauverein-otterberg.de\/index.php?rest_route=\/wp\/v2\/types\/page"}],"author":[{"embeddable":true,"href":"https:\/\/waldbauverein-otterberg.de\/index.php?rest_route=\/wp\/v2\/users\/1"}],"replies":[{"embeddable":true,"href":"https:\/\/waldbauverein-otterberg.de\/index.php?rest_route=%2Fwp%2Fv2%2Fcomments&post=37"}],"version-history":[{"count":68,"href":"https:\/\/waldbauverein-otterberg.de\/index.php?rest_route=\/wp\/v2\/pages\/37\/revisions"}],"predecessor-version":[{"id":856,"href":"https:\/\/waldbauverein-otterberg.de\/index.php?rest_route=\/wp\/v2\/pages\/37\/revisions\/856"}],"up":[{"embeddable":true,"href":"https:\/\/waldbauverein-otterberg.de\/index.php?rest_route=\/wp\/v2\/pages\/9"}],"wp:attachment":[{"href":"https:\/\/waldbauverein-otterberg.de\/index.php?rest_route=%2Fwp%2Fv2%2Fmedia&parent=37"}],"curies":[{"name":"wp","href":"https:\/\/api.w.org\/{rel}","templated":true}]}}