{"id":419,"date":"2023-06-28T11:39:59","date_gmt":"2023-06-28T11:39:59","guid":{"rendered":"https:\/\/waldbauverein-otterberg.de\/?page_id=419"},"modified":"2025-10-23T21:17:52","modified_gmt":"2025-10-23T21:17:52","slug":"wbv-in-der-eifel","status":"publish","type":"page","link":"https:\/\/waldbauverein-otterberg.de\/?page_id=419","title":{"rendered":"WBV in der Eifel"},"content":{"rendered":"\n<p>Am Freitag, dem 23.6.2023 hatte Frau Revierf\u00f6rsterin B\u00e4rbel Hohl, geb\u00fcrtig aus Otterbach, den Waldbauverein zu einer Exkursion in ihr Forstrevier &#8222;Hochacht&#8220; eingeladen. Schon fr\u00fch um halb acht starteten 43 Interessierte von der Stadthalle Otterberg aus zum Parkplatz N\u00e4he der &#8222;Hohen Acht&#8220;, mit 747 m die h\u00f6chste Erhebung in der Eifel. Der Adenauer Forstamtsleiter Winand Schmitz berichtete \u00fcber ein Projekt, das auf 30 Jahre angelegt ist. Entscheidend dabei ist die Inwertsetzung von \u00d6kosystemleistungen. Konkret bedeutet das, dass in den 30 Jahren 1900 Tonnen Kohlendioxid gespeichert werden. F\u00fcr 1500 Tonnen erh\u00e4lt das Forstamt handelbare Zertifikate, die in Euro bewertbar sind.&nbsp; Nach dieser hochinteressanten Besichtigung wurde in der Bierbrauerei Vulkaneifel in Mendig eingekehrt. Den Abschluss der Fahrt bildete ein Aufenthalt bei der Klosteranlage Maria Laach. \u00dcberschattet wurde die Exkursion durch den Herzinfarkt eines Exkursionsteilnehmers. Durch das beherzte Einschreiten einiger Mitglieder mit Erste-Hilfe-Ma\u00dfnahmen konnte das Schlimmste verhindert werden.&nbsp; Nach einem Hubschraubertransport und einem Eingriff im Krankenhaus &nbsp;ist der Patient seit Sonntag wieder wohlauf. Dar\u00fcber sind alle Teilnehmer der Exkursion \u00fcberfroh und schauen auf die n\u00e4chste Wald-Exkursion im August.<\/p>\n\n\n\n<figure class=\"wp-block-image size-large\"><img loading=\"lazy\" decoding=\"async\" width=\"1024\" height=\"459\" src=\"https:\/\/waldbauverein-otterberg.de\/wp-content\/uploads\/2023\/06\/IMG_20230623_104310-1024x459.jpg\" alt=\"\" class=\"wp-image-420\" srcset=\"https:\/\/waldbauverein-otterberg.de\/wp-content\/uploads\/2023\/06\/IMG_20230623_104310-1024x459.jpg 1024w, https:\/\/waldbauverein-otterberg.de\/wp-content\/uploads\/2023\/06\/IMG_20230623_104310-300x134.jpg 300w, https:\/\/waldbauverein-otterberg.de\/wp-content\/uploads\/2023\/06\/IMG_20230623_104310-150x67.jpg 150w, https:\/\/waldbauverein-otterberg.de\/wp-content\/uploads\/2023\/06\/IMG_20230623_104310-768x344.jpg 768w, https:\/\/waldbauverein-otterberg.de\/wp-content\/uploads\/2023\/06\/IMG_20230623_104310-1536x688.jpg 1536w, https:\/\/waldbauverein-otterberg.de\/wp-content\/uploads\/2023\/06\/IMG_20230623_104310-2048x918.jpg 2048w, https:\/\/waldbauverein-otterberg.de\/wp-content\/uploads\/2023\/06\/IMG_20230623_104310-1200x538.jpg 1200w, https:\/\/waldbauverein-otterberg.de\/wp-content\/uploads\/2023\/06\/IMG_20230623_104310-1980x887.jpg 1980w\" sizes=\"auto, (max-width: 1024px) 100vw, 1024px\" \/><\/figure>\n\n\n\n<figure class=\"wp-block-image size-large\"><img loading=\"lazy\" decoding=\"async\" width=\"1024\" height=\"459\" src=\"https:\/\/waldbauverein-otterberg.de\/wp-content\/uploads\/2023\/06\/IMG_20230623_101934-1024x459.jpg\" alt=\"\" class=\"wp-image-421\" srcset=\"https:\/\/waldbauverein-otterberg.de\/wp-content\/uploads\/2023\/06\/IMG_20230623_101934-1024x459.jpg 1024w, https:\/\/waldbauverein-otterberg.de\/wp-content\/uploads\/2023\/06\/IMG_20230623_101934-300x134.jpg 300w, https:\/\/waldbauverein-otterberg.de\/wp-content\/uploads\/2023\/06\/IMG_20230623_101934-150x67.jpg 150w, https:\/\/waldbauverein-otterberg.de\/wp-content\/uploads\/2023\/06\/IMG_20230623_101934-768x344.jpg 768w, https:\/\/waldbauverein-otterberg.de\/wp-content\/uploads\/2023\/06\/IMG_20230623_101934-1536x688.jpg 1536w, https:\/\/waldbauverein-otterberg.de\/wp-content\/uploads\/2023\/06\/IMG_20230623_101934-2048x918.jpg 2048w, https:\/\/waldbauverein-otterberg.de\/wp-content\/uploads\/2023\/06\/IMG_20230623_101934-1200x538.jpg 1200w, https:\/\/waldbauverein-otterberg.de\/wp-content\/uploads\/2023\/06\/IMG_20230623_101934-1980x887.jpg 1980w\" sizes=\"auto, (max-width: 1024px) 100vw, 1024px\" \/><\/figure>\n\n\n\n<figure class=\"wp-block-image size-large\"><img loading=\"lazy\" decoding=\"async\" width=\"1024\" height=\"459\" src=\"https:\/\/waldbauverein-otterberg.de\/wp-content\/uploads\/2023\/06\/IMG_20230623_104250-1024x459.jpg\" alt=\"\" class=\"wp-image-422\" srcset=\"https:\/\/waldbauverein-otterberg.de\/wp-content\/uploads\/2023\/06\/IMG_20230623_104250-1024x459.jpg 1024w, https:\/\/waldbauverein-otterberg.de\/wp-content\/uploads\/2023\/06\/IMG_20230623_104250-300x134.jpg 300w, https:\/\/waldbauverein-otterberg.de\/wp-content\/uploads\/2023\/06\/IMG_20230623_104250-150x67.jpg 150w, https:\/\/waldbauverein-otterberg.de\/wp-content\/uploads\/2023\/06\/IMG_20230623_104250-768x344.jpg 768w, https:\/\/waldbauverein-otterberg.de\/wp-content\/uploads\/2023\/06\/IMG_20230623_104250-1536x688.jpg 1536w, https:\/\/waldbauverein-otterberg.de\/wp-content\/uploads\/2023\/06\/IMG_20230623_104250-2048x918.jpg 2048w, https:\/\/waldbauverein-otterberg.de\/wp-content\/uploads\/2023\/06\/IMG_20230623_104250-1200x538.jpg 1200w, https:\/\/waldbauverein-otterberg.de\/wp-content\/uploads\/2023\/06\/IMG_20230623_104250-1980x887.jpg 1980w\" sizes=\"auto, (max-width: 1024px) 100vw, 1024px\" \/><\/figure>\n\n\n\n<figure class=\"wp-block-image size-large\"><img loading=\"lazy\" decoding=\"async\" width=\"1024\" height=\"459\" src=\"https:\/\/waldbauverein-otterberg.de\/wp-content\/uploads\/2023\/06\/IMG_20230623_104333-1024x459.jpg\" alt=\"\" class=\"wp-image-423\" srcset=\"https:\/\/waldbauverein-otterberg.de\/wp-content\/uploads\/2023\/06\/IMG_20230623_104333-1024x459.jpg 1024w, https:\/\/waldbauverein-otterberg.de\/wp-content\/uploads\/2023\/06\/IMG_20230623_104333-300x134.jpg 300w, https:\/\/waldbauverein-otterberg.de\/wp-content\/uploads\/2023\/06\/IMG_20230623_104333-150x67.jpg 150w, https:\/\/waldbauverein-otterberg.de\/wp-content\/uploads\/2023\/06\/IMG_20230623_104333-768x344.jpg 768w, https:\/\/waldbauverein-otterberg.de\/wp-content\/uploads\/2023\/06\/IMG_20230623_104333-1536x688.jpg 1536w, https:\/\/waldbauverein-otterberg.de\/wp-content\/uploads\/2023\/06\/IMG_20230623_104333-2048x918.jpg 2048w, https:\/\/waldbauverein-otterberg.de\/wp-content\/uploads\/2023\/06\/IMG_20230623_104333-1200x538.jpg 1200w, https:\/\/waldbauverein-otterberg.de\/wp-content\/uploads\/2023\/06\/IMG_20230623_104333-1980x887.jpg 1980w\" sizes=\"auto, (max-width: 1024px) 100vw, 1024px\" \/><\/figure>\n\n\n\n<figure class=\"wp-block-image size-large\"><img loading=\"lazy\" decoding=\"async\" width=\"459\" height=\"1024\" src=\"https:\/\/waldbauverein-otterberg.de\/wp-content\/uploads\/2023\/06\/IMG_20230623_104155-459x1024.jpg\" alt=\"\" class=\"wp-image-424\" srcset=\"https:\/\/waldbauverein-otterberg.de\/wp-content\/uploads\/2023\/06\/IMG_20230623_104155-459x1024.jpg 459w, https:\/\/waldbauverein-otterberg.de\/wp-content\/uploads\/2023\/06\/IMG_20230623_104155-134x300.jpg 134w, https:\/\/waldbauverein-otterberg.de\/wp-content\/uploads\/2023\/06\/IMG_20230623_104155-67x150.jpg 67w, https:\/\/waldbauverein-otterberg.de\/wp-content\/uploads\/2023\/06\/IMG_20230623_104155-768x1714.jpg 768w, https:\/\/waldbauverein-otterberg.de\/wp-content\/uploads\/2023\/06\/IMG_20230623_104155-688x1536.jpg 688w, https:\/\/waldbauverein-otterberg.de\/wp-content\/uploads\/2023\/06\/IMG_20230623_104155-918x2048.jpg 918w, https:\/\/waldbauverein-otterberg.de\/wp-content\/uploads\/2023\/06\/IMG_20230623_104155-1200x2679.jpg 1200w, https:\/\/waldbauverein-otterberg.de\/wp-content\/uploads\/2023\/06\/IMG_20230623_104155-scaled.jpg 1147w\" sizes=\"auto, (max-width: 459px) 100vw, 459px\" \/><\/figure>\n","protected":false},"excerpt":{"rendered":"<p>Am Freitag, dem 23.6.2023 hatte Frau Revierf\u00f6rsterin B\u00e4rbel Hohl, geb\u00fcrtig aus Otterbach, den Waldbauverein zu einer Exkursion in ihr Forstrevier &#8222;Hochacht&#8220; eingeladen. Schon fr\u00fch um halb acht starteten 43 Interessierte von der Stadthalle Otterberg aus zum Parkplatz N\u00e4he der &#8222;Hohen Acht&#8220;, mit 747 m die h\u00f6chste Erhebung in der Eifel. Der Adenauer Forstamtsleiter Winand Schmitz [&hellip;]<\/p>\n","protected":false},"author":1,"featured_media":0,"parent":41,"menu_order":43,"comment_status":"closed","ping_status":"closed","template":"","meta":{"footnotes":""},"class_list":["post-419","page","type-page","status-publish","hentry"],"_links":{"self":[{"href":"https:\/\/waldbauverein-otterberg.de\/index.php?rest_route=\/wp\/v2\/pages\/419","targetHints":{"allow":["GET"]}}],"collection":[{"href":"https:\/\/waldbauverein-otterberg.de\/index.php?rest_route=\/wp\/v2\/pages"}],"about":[{"href":"https:\/\/waldbauverein-otterberg.de\/index.php?rest_route=\/wp\/v2\/types\/page"}],"author":[{"embeddable":true,"href":"https:\/\/waldbauverein-otterberg.de\/index.php?rest_route=\/wp\/v2\/users\/1"}],"replies":[{"embeddable":true,"href":"https:\/\/waldbauverein-otterberg.de\/index.php?rest_route=%2Fwp%2Fv2%2Fcomments&post=419"}],"version-history":[{"count":2,"href":"https:\/\/waldbauverein-otterberg.de\/index.php?rest_route=\/wp\/v2\/pages\/419\/revisions"}],"predecessor-version":[{"id":428,"href":"https:\/\/waldbauverein-otterberg.de\/index.php?rest_route=\/wp\/v2\/pages\/419\/revisions\/428"}],"up":[{"embeddable":true,"href":"https:\/\/waldbauverein-otterberg.de\/index.php?rest_route=\/wp\/v2\/pages\/41"}],"wp:attachment":[{"href":"https:\/\/waldbauverein-otterberg.de\/index.php?rest_route=%2Fwp%2Fv2%2Fmedia&parent=419"}],"curies":[{"name":"wp","href":"https:\/\/api.w.org\/{rel}","templated":true}]}}