{"id":430,"date":"2023-07-07T21:38:33","date_gmt":"2023-07-07T21:38:33","guid":{"rendered":"https:\/\/waldbauverein-otterberg.de\/?page_id=430"},"modified":"2025-10-23T22:22:36","modified_gmt":"2025-10-23T22:22:36","slug":"exkursion-hochspeyer","status":"publish","type":"page","link":"https:\/\/waldbauverein-otterberg.de\/?page_id=430","title":{"rendered":"Wiederbewaldung"},"content":{"rendered":"\n<p>nach Borkenk\u00e4ferkalamit\u00e4t mit Inanspruchnahme von F\u00f6rderung im Privatwald Beckert \/ Gemarkung Hochspeyer<\/p>\n\n\n\n<p>Der Waldbauverein Otterberg lud am 11. August 2023 zu einer Exkursion zum Thema Wiederbewaldung nach Borkenk\u00e4ferkalamit\u00e4t im Privatwald von Cornelie und Christian Beckert ein. Die 20 interessierten Mitglieder trafen sich nachmittags am Kaninchenheim in Hochspeyer. Nachdem der Privatwaldbetreuer Marcus Siebert die Anwesenden begr\u00fc\u00dft&nbsp; und ein paar einleitende Worte zum Exkursionspunkt verloren hatte, begab sich die Gruppe in das ein Kilometer entfernte Waldst\u00fcck der Familie Beckert.<\/p>\n\n\n\n<p>Die 3,2 ha gro\u00dfe Fl\u00e4che liegt im Meisenkopfer-Tal im n\u00f6rdlichen Pf\u00e4lzer Wald und ist gepr\u00e4gt durch ihren n\u00e4hrstoffarmen Buntsandsteinboden, aber auch durchaus frischem Standort mit einem Jahresniederschlag von 750- 850 mm. Aus diesen stand\u00f6rtlichen Verh\u00e4ltnissen ergeben sich die typischen Merkmale der Waldgesellschaft eines Hainsimsen-Traubeneichen-Buchen-Waldes.<\/p>\n\n\n\n<p>Wie war die Ausgangslage auf der Waldfl\u00e4che, als Herr Beckert im Juli 2021 Kontakt zum Revierleiter Siebert aufnahm? Ein Drittel der Fl\u00e4che bestand aus einem Fichtenreinbestand, der seit seiner Pflanzung vor 50 Jahren kaum eine Axt zu Gesicht bekommen hatte. Durch die vorangegangen Trockenjahre und der damit verbundenen Borkenk\u00e4ferkalamit\u00e4t entstanden hier erhebliche Waldsch\u00e4den, denn \u00fcber 60% des Fichtenreinbestandes waren bereits trocken und die restlichen noch gr\u00fcnen B\u00e4ume&nbsp; bereits vom Borkenk\u00e4fer befallen. Also entschieden sich die Privatwaldbesitzer, die 570 Festmeter Fichte mittels Harvester zu entnehmen, um anschlie\u00dfend einen stabilen Mischwald mit F\u00f6rderung zu begr\u00fcnden. Bei der damaligen Holzernte ergab sich ein holzerntekostenfreier Erl\u00f6s von 16.880 \u20ac und eine zus\u00e4tzliche F\u00f6rdersumme f\u00fcr die Entnahme von Kalamit\u00e4tsh\u00f6lzern von 4.195 \u20ac.<\/p>\n\n\n\n<p>Nach R\u00e4umung des Fichtenbestandes wurden die Mittelpunkte der zuk\u00fcnftigen Pflanzpl\u00e4tze, sogenannte Klumpen, mittels eingek\u00fcrzten Dachlatten im Abstand von 10-15 m abgesteckt. Es ergaben sich 41 Klumpen auf der 1 ha gro\u00dfen Wiederbewaldungsfl\u00e4che. Pro Klumpen (KL) wurden im Dezember 2022 durch die Baumschule Steingaesser 25 Pflanzen gesetzt. Somit ergeben sich 1.025 B\u00e4ume\/ha. Bevor die Pflanzma\u00dfnahme und die Materialbeschaffung beginnen konnte, hatte die Familie Beckert F\u00f6rderung f\u00fcr die Wiederbewaldung beantragt. Nach der Bewilligung und einem F\u00f6rdervolumen von 4.388 \u20ac (4,28 \u20ac\/Pflanze) konnte der Weg in die Begr\u00fcndung des neuen Mischwaldes beginnen. Im Vorfeld der Pflanzung war die Hauptarbeit der Waldbesitzer das Vorbereiten der Pflanzpl\u00e4tze durch das Entfernen der Reisigmatte und Hiebsreste im Umkreis von 7-10 m um den Klumpenmittelpunkt.<\/p>\n\n\n\n<p>Gepflanzt wurden 11 KL mit Wei\u00dftanne (Anteil je Baumart 27 %), 14 KL mit Traubeneiche (25%) inkl. 65 St\u00fcck Hainbuchen (6%) zur sp\u00e4teren Schaftpflege, 6 KL mit Rotbuche (15%) und 10 KL mit Douglasie (27%). Die Wei\u00dftanne wurde bewusst am westlichen Oberhang gepflanzt, damit sich sp\u00e4tere Samenb\u00e4ume mit Hilfe des Windes in die ostexponierte Wiederbewaldungsfl\u00e4che verj\u00fcngen k\u00f6nnen. Zwischen den Pflanzklumpen kann sich der Wald mittels Naturverj\u00fcngung (Wind, M\u00e4use, Eichelh\u00e4her) selbst entwickeln. Die Pflanzkosten betr\u00fcgen 1,90 \u20ac\/Pflanze (davon 50% Pflanzmaterial und 50% Lohnkosten). Hinzu kamen noch Kosten f\u00fcr den Wildschutz (Wuchsh\u00fcllen Laubholz, Netzh\u00fcllen Nadelholz) von 3,89 \u20ac\/Pflanze (davon 55% Material; 45% Lohnkosten). Die Gesamtkosten der Wiederbewaldung lagen bei 5.933 \u20ac, ergibt 5,79 \u20ac\/Pflanze. Somit deckt die F\u00f6rderung ca. 74% der Wiederbewaldungsma\u00dfnahme in diesem Fall ab.<\/p>\n\n\n\n<p>Die Wiederbewaldungsfl\u00e4che muss in den n\u00e4chsten Jahren 5-10 Jahren intensiv durch die Waldbesitzer begleitet und gepflegt werden, damit die Zielsetzung eines stabilen Mischwaldes und die F\u00f6rderkriterien erreicht werden.<\/p>\n\n\n\n<p>Die Familie Beckert und Herr Brand bedankten sich bei Herrn Siebert f\u00fcr die gute Zusammenarbeit, Planung und Durchf\u00fchrung der Exkursion und freuen sich auf die zuk\u00fcnftige Entwicklung auf der Wiederbewaldungsfl\u00e4che.<\/p>\n\n\n\n<p>Insgesamt war es eine gelungene Exkursion, die Ihren Ausklang bei einem gem\u00fctlichen Beisammensein in der Waldgastst\u00e4tte Kaninchenheim fand.<\/p>\n\n\n\n<p>Otterberg, 25.08.2023&nbsp;&nbsp; Marcus Siebert<\/p>\n\n\n\n<figure class=\"wp-block-image size-large\"><img loading=\"lazy\" decoding=\"async\" width=\"1024\" height=\"768\" src=\"https:\/\/waldbauverein-otterberg.de\/wp-content\/uploads\/2023\/08\/78db18f7-4ae3-4b56-92f8-9b98b8fb70ec-1024x768.jpeg\" alt=\"\" class=\"wp-image-436\" srcset=\"https:\/\/waldbauverein-otterberg.de\/wp-content\/uploads\/2023\/08\/78db18f7-4ae3-4b56-92f8-9b98b8fb70ec-1024x768.jpeg 1024w, https:\/\/waldbauverein-otterberg.de\/wp-content\/uploads\/2023\/08\/78db18f7-4ae3-4b56-92f8-9b98b8fb70ec-300x225.jpeg 300w, https:\/\/waldbauverein-otterberg.de\/wp-content\/uploads\/2023\/08\/78db18f7-4ae3-4b56-92f8-9b98b8fb70ec-150x113.jpeg 150w, https:\/\/waldbauverein-otterberg.de\/wp-content\/uploads\/2023\/08\/78db18f7-4ae3-4b56-92f8-9b98b8fb70ec-768x576.jpeg 768w, https:\/\/waldbauverein-otterberg.de\/wp-content\/uploads\/2023\/08\/78db18f7-4ae3-4b56-92f8-9b98b8fb70ec-1536x1152.jpeg 1536w, https:\/\/waldbauverein-otterberg.de\/wp-content\/uploads\/2023\/08\/78db18f7-4ae3-4b56-92f8-9b98b8fb70ec-1200x900.jpeg 1200w, https:\/\/waldbauverein-otterberg.de\/wp-content\/uploads\/2023\/08\/78db18f7-4ae3-4b56-92f8-9b98b8fb70ec.jpeg 1600w\" sizes=\"auto, (max-width: 1024px) 100vw, 1024px\" \/><\/figure>\n\n\n\n<figure class=\"wp-block-image size-large\"><img loading=\"lazy\" decoding=\"async\" width=\"1024\" height=\"617\" src=\"https:\/\/waldbauverein-otterberg.de\/wp-content\/uploads\/2023\/08\/Gruppe-1024x617.jpg\" alt=\"\" class=\"wp-image-437\" srcset=\"https:\/\/waldbauverein-otterberg.de\/wp-content\/uploads\/2023\/08\/Gruppe-1024x617.jpg 1024w, https:\/\/waldbauverein-otterberg.de\/wp-content\/uploads\/2023\/08\/Gruppe-300x181.jpg 300w, https:\/\/waldbauverein-otterberg.de\/wp-content\/uploads\/2023\/08\/Gruppe-150x90.jpg 150w, https:\/\/waldbauverein-otterberg.de\/wp-content\/uploads\/2023\/08\/Gruppe-768x463.jpg 768w, https:\/\/waldbauverein-otterberg.de\/wp-content\/uploads\/2023\/08\/Gruppe.jpg 1065w\" sizes=\"auto, (max-width: 1024px) 100vw, 1024px\" \/><\/figure>\n","protected":false},"excerpt":{"rendered":"<p>nach Borkenk\u00e4ferkalamit\u00e4t mit Inanspruchnahme von F\u00f6rderung im Privatwald Beckert \/ Gemarkung Hochspeyer Der Waldbauverein Otterberg lud am 11. August 2023 zu einer Exkursion zum Thema Wiederbewaldung nach Borkenk\u00e4ferkalamit\u00e4t im Privatwald von Cornelie und Christian Beckert ein. Die 20 interessierten Mitglieder trafen sich nachmittags am Kaninchenheim in Hochspeyer. Nachdem der Privatwaldbetreuer Marcus Siebert die Anwesenden begr\u00fc\u00dft&nbsp; [&hellip;]<\/p>\n","protected":false},"author":1,"featured_media":0,"parent":41,"menu_order":42,"comment_status":"closed","ping_status":"closed","template":"","meta":{"footnotes":""},"class_list":["post-430","page","type-page","status-publish","hentry"],"_links":{"self":[{"href":"https:\/\/waldbauverein-otterberg.de\/index.php?rest_route=\/wp\/v2\/pages\/430","targetHints":{"allow":["GET"]}}],"collection":[{"href":"https:\/\/waldbauverein-otterberg.de\/index.php?rest_route=\/wp\/v2\/pages"}],"about":[{"href":"https:\/\/waldbauverein-otterberg.de\/index.php?rest_route=\/wp\/v2\/types\/page"}],"author":[{"embeddable":true,"href":"https:\/\/waldbauverein-otterberg.de\/index.php?rest_route=\/wp\/v2\/users\/1"}],"replies":[{"embeddable":true,"href":"https:\/\/waldbauverein-otterberg.de\/index.php?rest_route=%2Fwp%2Fv2%2Fcomments&post=430"}],"version-history":[{"count":4,"href":"https:\/\/waldbauverein-otterberg.de\/index.php?rest_route=\/wp\/v2\/pages\/430\/revisions"}],"predecessor-version":[{"id":768,"href":"https:\/\/waldbauverein-otterberg.de\/index.php?rest_route=\/wp\/v2\/pages\/430\/revisions\/768"}],"up":[{"embeddable":true,"href":"https:\/\/waldbauverein-otterberg.de\/index.php?rest_route=\/wp\/v2\/pages\/41"}],"wp:attachment":[{"href":"https:\/\/waldbauverein-otterberg.de\/index.php?rest_route=%2Fwp%2Fv2%2Fmedia&parent=430"}],"curies":[{"name":"wp","href":"https:\/\/api.w.org\/{rel}","templated":true}]}}