{"id":44,"date":"2020-02-20T13:48:47","date_gmt":"2020-02-20T13:48:47","guid":{"rendered":"https:\/\/waldbauverein-otterberg.de\/?page_id=44"},"modified":"2025-10-23T21:56:28","modified_gmt":"2025-10-23T21:56:28","slug":"impressum","status":"publish","type":"page","link":"https:\/\/waldbauverein-otterberg.de\/?page_id=44","title":{"rendered":"Impressum"},"content":{"rendered":"\n<p>Verantwortlich:<br>Waldbauverein Otterberg e. V.<br>Bergstra\u00dfe 40<br>67697 Otterberg<br><br>Kontakt:<br>Telefon:\u00a0+49\u00a06301 4222 (Herr Brand)<br>E-Mail: waldbauverein.otterberg@web.de<\/p>\n\n\n\n<p><strong>Urheberrecht<\/strong><\/p>\n\n\n\n<p>Layout und Gestaltung des Angebots insgesamt sowie seiner einzelnen Elemente sind urheberrechtlich gesch\u00fctzt! Wir haben uns bem\u00fcht, in allen Publikationen die Urheberrechte der verwendeten Grafiken, Sounds und Texte zu beachten, selbst erstellte Grafiken, Sounds und Texte zu nutzen oder auf lizenzfreie Grafiken, Sounds und Texte zur\u00fcckzugreifen. Sollte sich auf den jeweiligen Seiten dennoch eine ungekennzeichnete, oder durch ein fremdes Copyright gesch\u00fctzte Grafik, ein Sound oder Text befinden, so war dies nicht beabsichtigt. Im Falle einer solchen unbeabsichtigten Copyrightverletzung wird die der Betreiber das entsprechende Objekt nach Benachrichtigung aus seiner Publikation entfernen bzw. mit dem entsprechenden Copyright kenntlich machen.<\/p>\n\n\n\n<p><strong>Haftung f\u00fcr Links<\/strong><\/p>\n\n\n\n<p>Mit dem Urteil vom 12. September 1999 &#8211; 312 O 85\/99 `Haftung f\u00fcr Links`hat das Landgericht Hamburg entschieden, da\u00df man durch die Ausbringung eines Links die Inhalte der gelinkten Seite ggf. mit zu verantworten hat. Dieses kann &#8211; so das LG &#8211; nur dadurch verhindert werden, dass man sich ausdr\u00fccklich von diesen Inhalten distanziert. Hiermit distanzieren wir uns ausdr\u00fccklich von allen Inhalten verlinkter Seiten oder Grafiken und machen uns diese keinesfalls zu eigen. S\u00e4mtliche Verst\u00f6\u00dfe gegen geltendes Recht, Sitte oder Moral, welche uns bekannt werden, haben sofortige L\u00f6schung von Links, Eintr\u00e4gen, Grafiken oder \u00e4hnlichem zur Folge.<\/p>\n\n\n\n<p><strong>Datenschutz<\/strong><\/p>\n\n\n\n<p>Die Nutzung unserer Webseite ist in der Regel ohne Angabe personenbezogener Daten m\u00f6glich. Soweit auf unseren Seiten personenbezogene Daten (beispielsweise Name, Anschrift oder eMail-Adresse) erhoben werden, erfolgt dies stets auf freiwilliger Basis. Daten werden ohne Ihre ausdr\u00fcckliche Zustimmung nicht an Dritte weitergegeben. Wir weisen daraufhin, dass die Daten\u00fcbertragung im Internet (z.B. bei der Kommunikation per E-Mail) Sicherheitsl\u00fccken aufweisen kann. Ein l\u00fcckenloser Schutz der Daten vor dem Zugriff durch Dritte ist nicht m\u00f6glich.<\/p>\n\n\n\n<p> <strong>Der Nutzung von im Rahmen der Impressumspflicht ver\u00f6ffentlichten Kontaktdaten durch Dritte zur \u00dcbersendung von nicht ausdr\u00fccklich angeforderter Werbung und Informationsmaterialien wird hiermit ausdr\u00fccklich widersprochen. Die Betreiber der Seiten behalten sich ausdr\u00fccklich rechtliche Schritte im Falle der unverlangten Zusendung von Werbeinformationen, etwa durch Spam-Mails, vor.<\/strong> <\/p>\n","protected":false},"excerpt":{"rendered":"<p>Verantwortlich:Waldbauverein Otterberg e. V.Bergstra\u00dfe 4067697 Otterberg Kontakt:Telefon:\u00a0+49\u00a06301 4222 (Herr Brand)E-Mail: waldbauverein.otterberg@web.de Urheberrecht Layout und Gestaltung des Angebots insgesamt sowie seiner einzelnen Elemente sind urheberrechtlich gesch\u00fctzt! Wir haben uns bem\u00fcht, in allen Publikationen die Urheberrechte der verwendeten Grafiken, Sounds und Texte zu beachten, selbst erstellte Grafiken, Sounds und Texte zu nutzen oder auf lizenzfreie Grafiken, Sounds [&hellip;]<\/p>\n","protected":false},"author":1,"featured_media":0,"parent":9,"menu_order":7,"comment_status":"closed","ping_status":"closed","template":"","meta":{"footnotes":""},"class_list":["post-44","page","type-page","status-publish","hentry"],"_links":{"self":[{"href":"https:\/\/waldbauverein-otterberg.de\/index.php?rest_route=\/wp\/v2\/pages\/44","targetHints":{"allow":["GET"]}}],"collection":[{"href":"https:\/\/waldbauverein-otterberg.de\/index.php?rest_route=\/wp\/v2\/pages"}],"about":[{"href":"https:\/\/waldbauverein-otterberg.de\/index.php?rest_route=\/wp\/v2\/types\/page"}],"author":[{"embeddable":true,"href":"https:\/\/waldbauverein-otterberg.de\/index.php?rest_route=\/wp\/v2\/users\/1"}],"replies":[{"embeddable":true,"href":"https:\/\/waldbauverein-otterberg.de\/index.php?rest_route=%2Fwp%2Fv2%2Fcomments&post=44"}],"version-history":[{"count":6,"href":"https:\/\/waldbauverein-otterberg.de\/index.php?rest_route=\/wp\/v2\/pages\/44\/revisions"}],"predecessor-version":[{"id":761,"href":"https:\/\/waldbauverein-otterberg.de\/index.php?rest_route=\/wp\/v2\/pages\/44\/revisions\/761"}],"up":[{"embeddable":true,"href":"https:\/\/waldbauverein-otterberg.de\/index.php?rest_route=\/wp\/v2\/pages\/9"}],"wp:attachment":[{"href":"https:\/\/waldbauverein-otterberg.de\/index.php?rest_route=%2Fwp%2Fv2%2Fmedia&parent=44"}],"curies":[{"name":"wp","href":"https:\/\/api.w.org\/{rel}","templated":true}]}}