{"id":445,"date":"2023-09-08T13:01:06","date_gmt":"2023-09-08T13:01:06","guid":{"rendered":"https:\/\/waldbauverein-otterberg.de\/?page_id=445"},"modified":"2025-10-23T20:56:04","modified_gmt":"2025-10-23T20:56:04","slug":"mgv-2022","status":"publish","type":"page","link":"https:\/\/waldbauverein-otterberg.de\/?page_id=445","title":{"rendered":"MGV 2022"},"content":{"rendered":"\n<h2 class=\"wp-block-heading\">Mitgliederversammlung <\/h2>\n\n\n\n<h4 class=\"wp-block-heading\">Die Mitgliederversammlung fand am Mittwoch, dem 30. M\u00e4rz 2023 in der Gastst\u00e4tte Kraus statt. Auf den seit 26 Jahren als Vorsitzender fungierenden Professor Dr. Albrecht Sch\u00e4fer folgt nun Martin M\u00fcller. Herbert Brand bleibt 2. Vorsitzender, auch Peter Strasser und Renate Grobosch bleiben Rechnungspr\u00fcfer*innen. Die Beisitzer wurden neu gew\u00e4hlt. Von links nach rechts: Gatti (Gesch\u00e4ftsf\u00fchrer), Alter, Strasser, Gortner, Markus M\u00fcller, Martin M\u00fcller, Grobosch, Christmann, Walther, Haardt, Sundheimer, Brand.<br><\/h4>\n\n\n\n<figure class=\"wp-block-image size-large\"><img loading=\"lazy\" decoding=\"async\" width=\"1024\" height=\"369\" src=\"https:\/\/waldbauverein-otterberg.de\/wp-content\/uploads\/2023\/03\/Vorstand-1024x369.jpg\" alt=\"\" class=\"wp-image-385\" srcset=\"https:\/\/waldbauverein-otterberg.de\/wp-content\/uploads\/2023\/03\/Vorstand-1024x369.jpg 1024w, https:\/\/waldbauverein-otterberg.de\/wp-content\/uploads\/2023\/03\/Vorstand-300x108.jpg 300w, https:\/\/waldbauverein-otterberg.de\/wp-content\/uploads\/2023\/03\/Vorstand-150x54.jpg 150w, https:\/\/waldbauverein-otterberg.de\/wp-content\/uploads\/2023\/03\/Vorstand-768x276.jpg 768w, https:\/\/waldbauverein-otterberg.de\/wp-content\/uploads\/2023\/03\/Vorstand-1536x553.jpg 1536w, https:\/\/waldbauverein-otterberg.de\/wp-content\/uploads\/2023\/03\/Vorstand-2048x737.jpg 2048w, https:\/\/waldbauverein-otterberg.de\/wp-content\/uploads\/2023\/03\/Vorstand-1200x432.jpg 1200w, https:\/\/waldbauverein-otterberg.de\/wp-content\/uploads\/2023\/03\/Vorstand-1980x713.jpg 1980w\" sizes=\"auto, (max-width: 1024px) 100vw, 1024px\" \/><\/figure>\n","protected":false},"excerpt":{"rendered":"<p>Mitgliederversammlung Die Mitgliederversammlung fand am Mittwoch, dem 30. M\u00e4rz 2023 in der Gastst\u00e4tte Kraus statt. Auf den seit 26 Jahren als Vorsitzender fungierenden Professor Dr. Albrecht Sch\u00e4fer folgt nun Martin M\u00fcller. Herbert Brand bleibt 2. Vorsitzender, auch Peter Strasser und Renate Grobosch bleiben Rechnungspr\u00fcfer*innen. Die Beisitzer wurden neu gew\u00e4hlt. Von links nach rechts: Gatti (Gesch\u00e4ftsf\u00fchrer), [&hellip;]<\/p>\n","protected":false},"author":1,"featured_media":0,"parent":41,"menu_order":46,"comment_status":"closed","ping_status":"closed","template":"","meta":{"footnotes":""},"class_list":["post-445","page","type-page","status-publish","hentry"],"_links":{"self":[{"href":"https:\/\/waldbauverein-otterberg.de\/index.php?rest_route=\/wp\/v2\/pages\/445","targetHints":{"allow":["GET"]}}],"collection":[{"href":"https:\/\/waldbauverein-otterberg.de\/index.php?rest_route=\/wp\/v2\/pages"}],"about":[{"href":"https:\/\/waldbauverein-otterberg.de\/index.php?rest_route=\/wp\/v2\/types\/page"}],"author":[{"embeddable":true,"href":"https:\/\/waldbauverein-otterberg.de\/index.php?rest_route=\/wp\/v2\/users\/1"}],"replies":[{"embeddable":true,"href":"https:\/\/waldbauverein-otterberg.de\/index.php?rest_route=%2Fwp%2Fv2%2Fcomments&post=445"}],"version-history":[{"count":1,"href":"https:\/\/waldbauverein-otterberg.de\/index.php?rest_route=\/wp\/v2\/pages\/445\/revisions"}],"predecessor-version":[{"id":446,"href":"https:\/\/waldbauverein-otterberg.de\/index.php?rest_route=\/wp\/v2\/pages\/445\/revisions\/446"}],"up":[{"embeddable":true,"href":"https:\/\/waldbauverein-otterberg.de\/index.php?rest_route=\/wp\/v2\/pages\/41"}],"wp:attachment":[{"href":"https:\/\/waldbauverein-otterberg.de\/index.php?rest_route=%2Fwp%2Fv2%2Fmedia&parent=445"}],"curies":[{"name":"wp","href":"https:\/\/api.w.org\/{rel}","templated":true}]}}