{"id":463,"date":"2023-09-28T22:57:25","date_gmt":"2023-09-28T22:57:25","guid":{"rendered":"https:\/\/waldbauverein-otterberg.de\/?page_id=463"},"modified":"2025-10-23T20:58:09","modified_gmt":"2025-10-23T20:58:09","slug":"potsdam-2023","status":"publish","type":"page","link":"https:\/\/waldbauverein-otterberg.de\/?page_id=463","title":{"rendered":"Potsdam 2023"},"content":{"rendered":"\n<p>Waldbauverein Otterberg in Potsdam<\/p>\n\n\n\n<p>Der Waldbauverein Otterberg reiste Mitte September mit \u00fcber vierzig Mitgliedern zur gro\u00dfen Waldbauexkursion nach Brandenburg. Bereits auf dem Hinweg wurde beim Forsthaus Willrode bei Erfurt ein forstlicher Halt eingelegt. Th\u00fcringenforst k\u00e4mpft in gleicher Weise wie alle Forstverwaltungen gegen den Klimawandel. Dr. Freise konnte nicht nur das kosmopolitische Problem, sondern auch die Situation des Privatwaldes in Th\u00fcringen darstellen. Die Gruppe besichtigte auch das herrschaftliche und wundersch\u00f6n ausgebaute Forstamtsanwesen, wo des \u00d6fteren Veranstaltungen der Th\u00fcringer Landesregierung sowie kulturelle Events stattfinden. Die Reise ging dann weiter nach Potsdam. Dort wurde bereits am zweiten Tag Kontakt mit brandenburgischen F\u00f6rstern aufgenommen. Michael Duhr, Abteilungsleiter beim Landesbetrieb Forst Brandenburg, konnte den interessierten Waldbauern aus der Pfalz bei der Exkursion durch den Wildpark Potsdam sowohl die allgemeine Situation des Waldes wie Klimawandel, Waldumbau und besonders das prek\u00e4re Waldbrandrisiko in den weit verbreiteten Kiefernw\u00e4ldern als auch die speziellen Besonderheiten im Privatwald wie Betreuung und F\u00f6rderung anschaulich darstellen. Die Exkursion endete in der Waldschule im dortigen Wildpark mit einer Besichtigung und einer St\u00e4rkung mit Getr\u00e4nken und Bratw\u00fcrsten. Die anschlie\u00dfende 7-Seen- Rundfahrt bei herrlichem Wetter stie\u00df bei allen Teilnehmer*innen auf gro\u00dfe Beliebtheit. Der dritte Tag war gepr\u00e4gt von Highlights in Potsdam: Stadtf\u00fchrung, Schloss Sanssouci, Marmorpalais sowie Schloss Cecilienhof, wo die Siegerm\u00e4chte in der Potsdamer Konferenz vom 17. Juli bis 2. August 1945 Weltgeschichte schrieben. Am n\u00e4chsten Reisetag konnte das Schloss Oranienburg mit preu\u00dfischer Geschichte um deren brandenburgische Kurf\u00fcrsten und sp\u00e4teren preu\u00dfischen K\u00f6nigen samt den dazugeh\u00f6renden Prinzessinnen sowie M\u00e4tressen punkten. Es folgte eine F\u00fchrung durch die Fontane- und Schinkel-Stadt Neuruppin. Eine Tucholsky-Vorstellung auf dem Theaterschiff rundete den Tag ab. Am darauffolgenden Tag kehrten alle zufrieden und gesund wieder in die Pfalz zur\u00fcck.<\/p>\n\n\n\n<figure class=\"wp-block-image size-large\"><img loading=\"lazy\" decoding=\"async\" width=\"1024\" height=\"768\" src=\"https:\/\/waldbauverein-otterberg.de\/wp-content\/uploads\/2023\/09\/20230914_101325-1024x768.jpg\" alt=\"\" class=\"wp-image-464\" srcset=\"https:\/\/waldbauverein-otterberg.de\/wp-content\/uploads\/2023\/09\/20230914_101325-1024x768.jpg 1024w, https:\/\/waldbauverein-otterberg.de\/wp-content\/uploads\/2023\/09\/20230914_101325-300x225.jpg 300w, https:\/\/waldbauverein-otterberg.de\/wp-content\/uploads\/2023\/09\/20230914_101325-150x113.jpg 150w, https:\/\/waldbauverein-otterberg.de\/wp-content\/uploads\/2023\/09\/20230914_101325-768x576.jpg 768w, https:\/\/waldbauverein-otterberg.de\/wp-content\/uploads\/2023\/09\/20230914_101325-1536x1152.jpg 1536w, https:\/\/waldbauverein-otterberg.de\/wp-content\/uploads\/2023\/09\/20230914_101325-2048x1536.jpg 2048w, https:\/\/waldbauverein-otterberg.de\/wp-content\/uploads\/2023\/09\/20230914_101325-1200x900.jpg 1200w, https:\/\/waldbauverein-otterberg.de\/wp-content\/uploads\/2023\/09\/20230914_101325-1980x1485.jpg 1980w\" sizes=\"auto, (max-width: 1024px) 100vw, 1024px\" \/><\/figure>\n","protected":false},"excerpt":{"rendered":"<p>Waldbauverein Otterberg in Potsdam Der Waldbauverein Otterberg reiste Mitte September mit \u00fcber vierzig Mitgliedern zur gro\u00dfen Waldbauexkursion nach Brandenburg. Bereits auf dem Hinweg wurde beim Forsthaus Willrode bei Erfurt ein forstlicher Halt eingelegt. Th\u00fcringenforst k\u00e4mpft in gleicher Weise wie alle Forstverwaltungen gegen den Klimawandel. Dr. Freise konnte nicht nur das kosmopolitische Problem, sondern auch die [&hellip;]<\/p>\n","protected":false},"author":1,"featured_media":0,"parent":41,"menu_order":41,"comment_status":"closed","ping_status":"closed","template":"","meta":{"footnotes":""},"class_list":["post-463","page","type-page","status-publish","hentry"],"_links":{"self":[{"href":"https:\/\/waldbauverein-otterberg.de\/index.php?rest_route=\/wp\/v2\/pages\/463","targetHints":{"allow":["GET"]}}],"collection":[{"href":"https:\/\/waldbauverein-otterberg.de\/index.php?rest_route=\/wp\/v2\/pages"}],"about":[{"href":"https:\/\/waldbauverein-otterberg.de\/index.php?rest_route=\/wp\/v2\/types\/page"}],"author":[{"embeddable":true,"href":"https:\/\/waldbauverein-otterberg.de\/index.php?rest_route=\/wp\/v2\/users\/1"}],"replies":[{"embeddable":true,"href":"https:\/\/waldbauverein-otterberg.de\/index.php?rest_route=%2Fwp%2Fv2%2Fcomments&post=463"}],"version-history":[{"count":1,"href":"https:\/\/waldbauverein-otterberg.de\/index.php?rest_route=\/wp\/v2\/pages\/463\/revisions"}],"predecessor-version":[{"id":465,"href":"https:\/\/waldbauverein-otterberg.de\/index.php?rest_route=\/wp\/v2\/pages\/463\/revisions\/465"}],"up":[{"embeddable":true,"href":"https:\/\/waldbauverein-otterberg.de\/index.php?rest_route=\/wp\/v2\/pages\/41"}],"wp:attachment":[{"href":"https:\/\/waldbauverein-otterberg.de\/index.php?rest_route=%2Fwp%2Fv2%2Fmedia&parent=463"}],"curies":[{"name":"wp","href":"https:\/\/api.w.org\/{rel}","templated":true}]}}