{"id":498,"date":"2024-02-27T19:10:48","date_gmt":"2024-02-27T19:10:48","guid":{"rendered":"https:\/\/waldbauverein-otterberg.de\/?page_id=498"},"modified":"2025-10-23T20:59:28","modified_gmt":"2025-10-23T20:59:28","slug":"prachtkaeferexkursion","status":"publish","type":"page","link":"https:\/\/waldbauverein-otterberg.de\/?page_id=498","title":{"rendered":"Prachtk\u00e4ferexkursion"},"content":{"rendered":"\n<p>Der Waldbauverein Otterberg e.V. unternahm am 23. Februar 2024 eine Exkursion zum Forstschutz. Diese Exkursion d\u00fcrfte eine der ersten Informationsveranstaltungen zum Eichenprachtk\u00e4fer gewesen sein. Au\u00dferdem konnte sich der neue Forstamtsleiter am Forstamt Otterberg Tobias Stubenazy den Teilnehmer\/innen vorstellen. Als langj\u00e4hriger Referent f\u00fcr Waldschutz besitzt er fundierte Kenntnisse im Bereich des Waldschutzes in Rheinland-Pfalz. So konnte er sein weitreichendes Wissen an 25 Interessierte weitergeben. Begleitet wurde er vom Privatwaldbetreuer Marcus Siebert, vom B\u00fcroleiter Tobias Herwerth (beide Forstamt Otterberg) sowie von seinem Amtsvorg\u00e4nger Markus Gatti.<\/p>\n\n\n\n<p>Die Situation in den durch den Klimawandel geschw\u00e4chten Eichenw\u00e4ldern hat sich in den letzten beiden Jahren dramatisch verschlechtert. Der Zweipunktige Eichprachtk\u00e4fer (Agrilus biguttatus), der sich bei dem immer w\u00e4rmer werdenden Klima sehr wohl f\u00fchlt, nutzt diese Ver\u00e4nderungen und bef\u00e4llt Eichen schon ab etwa zehn Zentimeter Durchmesser. Er legt seine Eier in die Rinde. Diese entwickeln sich zur unter der Rinde fressenden Larve und fliegen nach der Verpuppung aus. Der adulte K\u00e4fer ist dann nur etwa zwei Wochen sichtbar. Im Gegensatz zu Borkenk\u00e4fern, die ein kreisrundes Ausflugloch hinterlassen, ist es bei Prachtk\u00e4fern eher \u201eD\u201c-f\u00f6rmig. Diese Symptome sowie die Pickspuren von Spechten, die sich gerne mit den eiwei\u00dfhaltigen Larven ern\u00e4hren, konnten die Exkursionsteilnehmer\/innen an einem etwa 150-j\u00e4hrigem Eichenbestand in der N\u00e4he von Otterberg okular begutachten. Die wichtigste Gegenma\u00dfname ist die saubere Waldwirtschaft, das bedeutet die Entnahme und den raschen Abtransport st\u00e4rker befallener Eichen, um zum einen das \u00dcbergreifen der relativ standorttreuen Prachtk\u00e4fer auf die noch gesunden Nachbarb\u00e4ume und um zum anderen das Einfliegen von sekund\u00e4ren, holzzerst\u00f6renden K\u00e4fern zu vermeiden.<\/p>\n\n\n\n<p>Die weitere Entwicklung muss also gut beobachtet und mit gro\u00dfen Herausforderungen an die Waldbesitzer auch im Laubholz muss gerechnet werden.<\/p>\n\n\n\n<figure class=\"wp-block-gallery has-nested-images columns-default is-cropped wp-block-gallery-1 is-layout-flex wp-block-gallery-is-layout-flex\">\n<figure class=\"wp-block-image size-large\"><img loading=\"lazy\" decoding=\"async\" width=\"1024\" height=\"459\" data-id=\"500\" src=\"https:\/\/waldbauverein-otterberg.de\/wp-content\/uploads\/2024\/02\/IMG_20240223_140634-1024x459.jpg\" alt=\"\" class=\"wp-image-500\" srcset=\"https:\/\/waldbauverein-otterberg.de\/wp-content\/uploads\/2024\/02\/IMG_20240223_140634-1024x459.jpg 1024w, https:\/\/waldbauverein-otterberg.de\/wp-content\/uploads\/2024\/02\/IMG_20240223_140634-300x134.jpg 300w, https:\/\/waldbauverein-otterberg.de\/wp-content\/uploads\/2024\/02\/IMG_20240223_140634-150x67.jpg 150w, https:\/\/waldbauverein-otterberg.de\/wp-content\/uploads\/2024\/02\/IMG_20240223_140634-768x344.jpg 768w, https:\/\/waldbauverein-otterberg.de\/wp-content\/uploads\/2024\/02\/IMG_20240223_140634-1536x688.jpg 1536w, https:\/\/waldbauverein-otterberg.de\/wp-content\/uploads\/2024\/02\/IMG_20240223_140634-2048x918.jpg 2048w, https:\/\/waldbauverein-otterberg.de\/wp-content\/uploads\/2024\/02\/IMG_20240223_140634-1200x538.jpg 1200w, https:\/\/waldbauverein-otterberg.de\/wp-content\/uploads\/2024\/02\/IMG_20240223_140634-1980x887.jpg 1980w\" sizes=\"auto, (max-width: 1024px) 100vw, 1024px\" \/><\/figure>\n\n\n\n<figure class=\"wp-block-image size-large\"><img loading=\"lazy\" decoding=\"async\" width=\"1024\" height=\"459\" data-id=\"501\" src=\"https:\/\/waldbauverein-otterberg.de\/wp-content\/uploads\/2024\/02\/IMG_20240223_140644-1024x459.jpg\" alt=\"\" class=\"wp-image-501\" srcset=\"https:\/\/waldbauverein-otterberg.de\/wp-content\/uploads\/2024\/02\/IMG_20240223_140644-1024x459.jpg 1024w, https:\/\/waldbauverein-otterberg.de\/wp-content\/uploads\/2024\/02\/IMG_20240223_140644-300x134.jpg 300w, https:\/\/waldbauverein-otterberg.de\/wp-content\/uploads\/2024\/02\/IMG_20240223_140644-150x67.jpg 150w, https:\/\/waldbauverein-otterberg.de\/wp-content\/uploads\/2024\/02\/IMG_20240223_140644-768x344.jpg 768w, https:\/\/waldbauverein-otterberg.de\/wp-content\/uploads\/2024\/02\/IMG_20240223_140644-1536x688.jpg 1536w, https:\/\/waldbauverein-otterberg.de\/wp-content\/uploads\/2024\/02\/IMG_20240223_140644-2048x918.jpg 2048w, https:\/\/waldbauverein-otterberg.de\/wp-content\/uploads\/2024\/02\/IMG_20240223_140644-1200x538.jpg 1200w, https:\/\/waldbauverein-otterberg.de\/wp-content\/uploads\/2024\/02\/IMG_20240223_140644-1980x887.jpg 1980w\" sizes=\"auto, (max-width: 1024px) 100vw, 1024px\" \/><\/figure>\n\n\n\n<figure class=\"wp-block-image size-large\"><img loading=\"lazy\" decoding=\"async\" width=\"1024\" height=\"459\" data-id=\"504\" src=\"https:\/\/waldbauverein-otterberg.de\/wp-content\/uploads\/2024\/02\/IMG_20240223_143855-1024x459.jpg\" alt=\"\" class=\"wp-image-504\" srcset=\"https:\/\/waldbauverein-otterberg.de\/wp-content\/uploads\/2024\/02\/IMG_20240223_143855-1024x459.jpg 1024w, https:\/\/waldbauverein-otterberg.de\/wp-content\/uploads\/2024\/02\/IMG_20240223_143855-300x134.jpg 300w, https:\/\/waldbauverein-otterberg.de\/wp-content\/uploads\/2024\/02\/IMG_20240223_143855-150x67.jpg 150w, https:\/\/waldbauverein-otterberg.de\/wp-content\/uploads\/2024\/02\/IMG_20240223_143855-768x344.jpg 768w, https:\/\/waldbauverein-otterberg.de\/wp-content\/uploads\/2024\/02\/IMG_20240223_143855-1536x688.jpg 1536w, https:\/\/waldbauverein-otterberg.de\/wp-content\/uploads\/2024\/02\/IMG_20240223_143855-2048x918.jpg 2048w, https:\/\/waldbauverein-otterberg.de\/wp-content\/uploads\/2024\/02\/IMG_20240223_143855-1200x538.jpg 1200w, https:\/\/waldbauverein-otterberg.de\/wp-content\/uploads\/2024\/02\/IMG_20240223_143855-1980x887.jpg 1980w\" sizes=\"auto, (max-width: 1024px) 100vw, 1024px\" \/><\/figure>\n\n\n\n<figure class=\"wp-block-image size-large\"><img loading=\"lazy\" decoding=\"async\" width=\"1024\" height=\"459\" data-id=\"505\" src=\"https:\/\/waldbauverein-otterberg.de\/wp-content\/uploads\/2024\/02\/IMG_20240223_143900-1024x459.jpg\" alt=\"\" class=\"wp-image-505\" srcset=\"https:\/\/waldbauverein-otterberg.de\/wp-content\/uploads\/2024\/02\/IMG_20240223_143900-1024x459.jpg 1024w, https:\/\/waldbauverein-otterberg.de\/wp-content\/uploads\/2024\/02\/IMG_20240223_143900-300x134.jpg 300w, https:\/\/waldbauverein-otterberg.de\/wp-content\/uploads\/2024\/02\/IMG_20240223_143900-150x67.jpg 150w, https:\/\/waldbauverein-otterberg.de\/wp-content\/uploads\/2024\/02\/IMG_20240223_143900-768x344.jpg 768w, https:\/\/waldbauverein-otterberg.de\/wp-content\/uploads\/2024\/02\/IMG_20240223_143900-1536x688.jpg 1536w, https:\/\/waldbauverein-otterberg.de\/wp-content\/uploads\/2024\/02\/IMG_20240223_143900-2048x918.jpg 2048w, https:\/\/waldbauverein-otterberg.de\/wp-content\/uploads\/2024\/02\/IMG_20240223_143900-1200x538.jpg 1200w, https:\/\/waldbauverein-otterberg.de\/wp-content\/uploads\/2024\/02\/IMG_20240223_143900-1980x887.jpg 1980w\" sizes=\"auto, (max-width: 1024px) 100vw, 1024px\" \/><\/figure>\n\n\n\n<figure class=\"wp-block-image size-large\"><img loading=\"lazy\" decoding=\"async\" width=\"1024\" height=\"459\" data-id=\"502\" src=\"https:\/\/waldbauverein-otterberg.de\/wp-content\/uploads\/2024\/02\/IMG_20240223_144529-1024x459.jpg\" alt=\"\" class=\"wp-image-502\" srcset=\"https:\/\/waldbauverein-otterberg.de\/wp-content\/uploads\/2024\/02\/IMG_20240223_144529-1024x459.jpg 1024w, https:\/\/waldbauverein-otterberg.de\/wp-content\/uploads\/2024\/02\/IMG_20240223_144529-300x134.jpg 300w, https:\/\/waldbauverein-otterberg.de\/wp-content\/uploads\/2024\/02\/IMG_20240223_144529-150x67.jpg 150w, https:\/\/waldbauverein-otterberg.de\/wp-content\/uploads\/2024\/02\/IMG_20240223_144529-768x344.jpg 768w, https:\/\/waldbauverein-otterberg.de\/wp-content\/uploads\/2024\/02\/IMG_20240223_144529-1536x688.jpg 1536w, https:\/\/waldbauverein-otterberg.de\/wp-content\/uploads\/2024\/02\/IMG_20240223_144529-2048x918.jpg 2048w, https:\/\/waldbauverein-otterberg.de\/wp-content\/uploads\/2024\/02\/IMG_20240223_144529-1200x538.jpg 1200w, https:\/\/waldbauverein-otterberg.de\/wp-content\/uploads\/2024\/02\/IMG_20240223_144529-1980x887.jpg 1980w\" sizes=\"auto, (max-width: 1024px) 100vw, 1024px\" \/><\/figure>\n\n\n\n<figure class=\"wp-block-image size-large\"><img loading=\"lazy\" decoding=\"async\" width=\"1024\" height=\"459\" data-id=\"503\" src=\"https:\/\/waldbauverein-otterberg.de\/wp-content\/uploads\/2024\/02\/IMG_20240223_144548-1024x459.jpg\" alt=\"\" class=\"wp-image-503\" srcset=\"https:\/\/waldbauverein-otterberg.de\/wp-content\/uploads\/2024\/02\/IMG_20240223_144548-1024x459.jpg 1024w, https:\/\/waldbauverein-otterberg.de\/wp-content\/uploads\/2024\/02\/IMG_20240223_144548-300x134.jpg 300w, https:\/\/waldbauverein-otterberg.de\/wp-content\/uploads\/2024\/02\/IMG_20240223_144548-150x67.jpg 150w, https:\/\/waldbauverein-otterberg.de\/wp-content\/uploads\/2024\/02\/IMG_20240223_144548-768x344.jpg 768w, https:\/\/waldbauverein-otterberg.de\/wp-content\/uploads\/2024\/02\/IMG_20240223_144548-1536x688.jpg 1536w, https:\/\/waldbauverein-otterberg.de\/wp-content\/uploads\/2024\/02\/IMG_20240223_144548-2048x918.jpg 2048w, https:\/\/waldbauverein-otterberg.de\/wp-content\/uploads\/2024\/02\/IMG_20240223_144548-1200x538.jpg 1200w, https:\/\/waldbauverein-otterberg.de\/wp-content\/uploads\/2024\/02\/IMG_20240223_144548-1980x887.jpg 1980w\" sizes=\"auto, (max-width: 1024px) 100vw, 1024px\" \/><\/figure>\n\n\n\n<figure class=\"wp-block-image size-large\"><img loading=\"lazy\" decoding=\"async\" width=\"1024\" height=\"459\" data-id=\"506\" src=\"https:\/\/waldbauverein-otterberg.de\/wp-content\/uploads\/2024\/02\/IMG_20240223_151101-1024x459.jpg\" alt=\"\" class=\"wp-image-506\" srcset=\"https:\/\/waldbauverein-otterberg.de\/wp-content\/uploads\/2024\/02\/IMG_20240223_151101-1024x459.jpg 1024w, https:\/\/waldbauverein-otterberg.de\/wp-content\/uploads\/2024\/02\/IMG_20240223_151101-300x134.jpg 300w, https:\/\/waldbauverein-otterberg.de\/wp-content\/uploads\/2024\/02\/IMG_20240223_151101-150x67.jpg 150w, https:\/\/waldbauverein-otterberg.de\/wp-content\/uploads\/2024\/02\/IMG_20240223_151101-768x344.jpg 768w, https:\/\/waldbauverein-otterberg.de\/wp-content\/uploads\/2024\/02\/IMG_20240223_151101-1536x688.jpg 1536w, https:\/\/waldbauverein-otterberg.de\/wp-content\/uploads\/2024\/02\/IMG_20240223_151101-2048x918.jpg 2048w, https:\/\/waldbauverein-otterberg.de\/wp-content\/uploads\/2024\/02\/IMG_20240223_151101-1200x538.jpg 1200w, https:\/\/waldbauverein-otterberg.de\/wp-content\/uploads\/2024\/02\/IMG_20240223_151101-1980x887.jpg 1980w\" sizes=\"auto, (max-width: 1024px) 100vw, 1024px\" \/><\/figure>\n\n\n\n<figure class=\"wp-block-image size-large\"><img loading=\"lazy\" decoding=\"async\" width=\"838\" height=\"688\" data-id=\"499\" src=\"https:\/\/waldbauverein-otterberg.de\/wp-content\/uploads\/2024\/02\/Prachtkaefer-1.png\" alt=\"\" class=\"wp-image-499\" srcset=\"https:\/\/waldbauverein-otterberg.de\/wp-content\/uploads\/2024\/02\/Prachtkaefer-1.png 838w, https:\/\/waldbauverein-otterberg.de\/wp-content\/uploads\/2024\/02\/Prachtkaefer-1-300x246.png 300w, https:\/\/waldbauverein-otterberg.de\/wp-content\/uploads\/2024\/02\/Prachtkaefer-1-150x123.png 150w, https:\/\/waldbauverein-otterberg.de\/wp-content\/uploads\/2024\/02\/Prachtkaefer-1-768x631.png 768w\" sizes=\"auto, (max-width: 838px) 100vw, 838px\" \/><\/figure>\n<\/figure>\n","protected":false},"excerpt":{"rendered":"<p>Der Waldbauverein Otterberg e.V. unternahm am 23. Februar 2024 eine Exkursion zum Forstschutz. Diese Exkursion d\u00fcrfte eine der ersten Informationsveranstaltungen zum Eichenprachtk\u00e4fer gewesen sein. Au\u00dferdem konnte sich der neue Forstamtsleiter am Forstamt Otterberg Tobias Stubenazy den Teilnehmer\/innen vorstellen. Als langj\u00e4hriger Referent f\u00fcr Waldschutz besitzt er fundierte Kenntnisse im Bereich des Waldschutzes in Rheinland-Pfalz. So konnte [&hellip;]<\/p>\n","protected":false},"author":1,"featured_media":0,"parent":41,"menu_order":39,"comment_status":"closed","ping_status":"closed","template":"","meta":{"footnotes":""},"class_list":["post-498","page","type-page","status-publish","hentry"],"_links":{"self":[{"href":"https:\/\/waldbauverein-otterberg.de\/index.php?rest_route=\/wp\/v2\/pages\/498","targetHints":{"allow":["GET"]}}],"collection":[{"href":"https:\/\/waldbauverein-otterberg.de\/index.php?rest_route=\/wp\/v2\/pages"}],"about":[{"href":"https:\/\/waldbauverein-otterberg.de\/index.php?rest_route=\/wp\/v2\/types\/page"}],"author":[{"embeddable":true,"href":"https:\/\/waldbauverein-otterberg.de\/index.php?rest_route=\/wp\/v2\/users\/1"}],"replies":[{"embeddable":true,"href":"https:\/\/waldbauverein-otterberg.de\/index.php?rest_route=%2Fwp%2Fv2%2Fcomments&post=498"}],"version-history":[{"count":1,"href":"https:\/\/waldbauverein-otterberg.de\/index.php?rest_route=\/wp\/v2\/pages\/498\/revisions"}],"predecessor-version":[{"id":507,"href":"https:\/\/waldbauverein-otterberg.de\/index.php?rest_route=\/wp\/v2\/pages\/498\/revisions\/507"}],"up":[{"embeddable":true,"href":"https:\/\/waldbauverein-otterberg.de\/index.php?rest_route=\/wp\/v2\/pages\/41"}],"wp:attachment":[{"href":"https:\/\/waldbauverein-otterberg.de\/index.php?rest_route=%2Fwp%2Fv2%2Fmedia&parent=498"}],"curies":[{"name":"wp","href":"https:\/\/api.w.org\/{rel}","templated":true}]}}