{"id":601,"date":"2024-10-08T16:38:54","date_gmt":"2024-10-08T16:38:54","guid":{"rendered":"https:\/\/waldbauverein-otterberg.de\/?page_id=601"},"modified":"2025-10-23T22:04:30","modified_gmt":"2025-10-23T22:04:30","slug":"prachtkaefer-ii","status":"publish","type":"page","link":"https:\/\/waldbauverein-otterberg.de\/?page_id=601","title":{"rendered":"Prachtk\u00e4fer II"},"content":{"rendered":"\n<p><strong>Tagesexkursion 27.9.24<\/strong><br>Um 14 Uhr fuhren wir zum Einsiedlerberg beim Drehenthalerhof, wo wir in der Rinde befallener Eichen f\u00fcndig wurden, siehe Bilder. Im zweiten Teil der Exkursion ging es dann in die N\u00e4he des Weinbrunnerhofs, wo etliche Eichen schon gef\u00e4llt und vermarktet worden sind.<\/p>\n\n\n\n<figure class=\"wp-block-image size-full\"><img loading=\"lazy\" decoding=\"async\" width=\"206\" height=\"358\" src=\"https:\/\/waldbauverein-otterberg.de\/wp-content\/uploads\/2024\/09\/Larven.png\" alt=\"\" class=\"wp-image-591\" srcset=\"https:\/\/waldbauverein-otterberg.de\/wp-content\/uploads\/2024\/09\/Larven.png 206w, https:\/\/waldbauverein-otterberg.de\/wp-content\/uploads\/2024\/09\/Larven-173x300.png 173w, https:\/\/waldbauverein-otterberg.de\/wp-content\/uploads\/2024\/09\/Larven-86x150.png 86w\" sizes=\"auto, (max-width: 206px) 100vw, 206px\" \/><figcaption class=\"wp-element-caption\">So sitzen die Prachtk\u00e4fermaden in ihren G\u00e4ngen.<\/figcaption><\/figure>\n\n\n\n<figure class=\"wp-block-image size-full is-resized\"><img loading=\"lazy\" decoding=\"async\" width=\"319\" height=\"332\" src=\"https:\/\/waldbauverein-otterberg.de\/wp-content\/uploads\/2024\/09\/Kiebitz.png\" alt=\"\" class=\"wp-image-593\" style=\"width:610px;height:auto\" srcset=\"https:\/\/waldbauverein-otterberg.de\/wp-content\/uploads\/2024\/09\/Kiebitz.png 319w, https:\/\/waldbauverein-otterberg.de\/wp-content\/uploads\/2024\/09\/Kiebitz-288x300.png 288w, https:\/\/waldbauverein-otterberg.de\/wp-content\/uploads\/2024\/09\/Kiebitz-144x150.png 144w\" sizes=\"auto, (max-width: 319px) 100vw, 319px\" \/><figcaption class=\"wp-element-caption\">Ein ganz neugieriger Wicht.<\/figcaption><\/figure>\n\n\n\n<figure class=\"wp-block-image size-large\"><img loading=\"lazy\" decoding=\"async\" width=\"906\" height=\"1024\" src=\"https:\/\/waldbauverein-otterberg.de\/wp-content\/uploads\/2024\/09\/Hand-906x1024.jpg\" alt=\"\" class=\"wp-image-592\" srcset=\"https:\/\/waldbauverein-otterberg.de\/wp-content\/uploads\/2024\/09\/Hand-906x1024.jpg 906w, https:\/\/waldbauverein-otterberg.de\/wp-content\/uploads\/2024\/09\/Hand-265x300.jpg 265w, https:\/\/waldbauverein-otterberg.de\/wp-content\/uploads\/2024\/09\/Hand-133x150.jpg 133w, https:\/\/waldbauverein-otterberg.de\/wp-content\/uploads\/2024\/09\/Hand-768x868.jpg 768w, https:\/\/waldbauverein-otterberg.de\/wp-content\/uploads\/2024\/09\/Hand.jpg 1059w\" sizes=\"auto, (max-width: 906px) 100vw, 906px\" \/><figcaption class=\"wp-element-caption\">So gro\u00df sind die Maden.<\/figcaption><\/figure>\n\n\n\n<figure class=\"wp-block-image size-large\"><img loading=\"lazy\" decoding=\"async\" width=\"1024\" height=\"459\" src=\"https:\/\/waldbauverein-otterberg.de\/wp-content\/uploads\/2024\/10\/IMG_20240927_143611-1024x459.jpg\" alt=\"\" class=\"wp-image-602\" srcset=\"https:\/\/waldbauverein-otterberg.de\/wp-content\/uploads\/2024\/10\/IMG_20240927_143611-1024x459.jpg 1024w, https:\/\/waldbauverein-otterberg.de\/wp-content\/uploads\/2024\/10\/IMG_20240927_143611-300x134.jpg 300w, https:\/\/waldbauverein-otterberg.de\/wp-content\/uploads\/2024\/10\/IMG_20240927_143611-150x67.jpg 150w, https:\/\/waldbauverein-otterberg.de\/wp-content\/uploads\/2024\/10\/IMG_20240927_143611-768x344.jpg 768w, https:\/\/waldbauverein-otterberg.de\/wp-content\/uploads\/2024\/10\/IMG_20240927_143611-1536x688.jpg 1536w, https:\/\/waldbauverein-otterberg.de\/wp-content\/uploads\/2024\/10\/IMG_20240927_143611-2048x918.jpg 2048w, https:\/\/waldbauverein-otterberg.de\/wp-content\/uploads\/2024\/10\/IMG_20240927_143611-1200x538.jpg 1200w, https:\/\/waldbauverein-otterberg.de\/wp-content\/uploads\/2024\/10\/IMG_20240927_143611-1980x887.jpg 1980w\" sizes=\"auto, (max-width: 1024px) 100vw, 1024px\" \/><figcaption class=\"wp-element-caption\">Der Prachtk\u00e4fer bef\u00e4llt meist die Krone.<\/figcaption><\/figure>\n\n\n\n<p>Auch im SWR wurde berichtet: <a href=\"https:\/\/www.swrfernsehen.de\/landesschau-rp\/gutzuwissen\/so-schadet-der-eichenprachtkaefer-den-eichen-100.html\">https:\/\/www.swrfernsehen.de\/landesschau-rp\/gutzuwissen\/so-schadet-der-eichenprachtkaefer-den-eichen-100.html<\/a><\/p>\n","protected":false},"excerpt":{"rendered":"<p>Tagesexkursion 27.9.24Um 14 Uhr fuhren wir zum Einsiedlerberg beim Drehenthalerhof, wo wir in der Rinde befallener Eichen f\u00fcndig wurden, siehe Bilder. Im zweiten Teil der Exkursion ging es dann in die N\u00e4he des Weinbrunnerhofs, wo etliche Eichen schon gef\u00e4llt und vermarktet worden sind. Auch im SWR wurde berichtet: https:\/\/www.swrfernsehen.de\/landesschau-rp\/gutzuwissen\/so-schadet-der-eichenprachtkaefer-den-eichen-100.html<\/p>\n","protected":false},"author":1,"featured_media":0,"parent":41,"menu_order":32,"comment_status":"closed","ping_status":"closed","template":"","meta":{"footnotes":""},"class_list":["post-601","page","type-page","status-publish","hentry"],"_links":{"self":[{"href":"https:\/\/waldbauverein-otterberg.de\/index.php?rest_route=\/wp\/v2\/pages\/601","targetHints":{"allow":["GET"]}}],"collection":[{"href":"https:\/\/waldbauverein-otterberg.de\/index.php?rest_route=\/wp\/v2\/pages"}],"about":[{"href":"https:\/\/waldbauverein-otterberg.de\/index.php?rest_route=\/wp\/v2\/types\/page"}],"author":[{"embeddable":true,"href":"https:\/\/waldbauverein-otterberg.de\/index.php?rest_route=\/wp\/v2\/users\/1"}],"replies":[{"embeddable":true,"href":"https:\/\/waldbauverein-otterberg.de\/index.php?rest_route=%2Fwp%2Fv2%2Fcomments&post=601"}],"version-history":[{"count":1,"href":"https:\/\/waldbauverein-otterberg.de\/index.php?rest_route=\/wp\/v2\/pages\/601\/revisions"}],"predecessor-version":[{"id":604,"href":"https:\/\/waldbauverein-otterberg.de\/index.php?rest_route=\/wp\/v2\/pages\/601\/revisions\/604"}],"up":[{"embeddable":true,"href":"https:\/\/waldbauverein-otterberg.de\/index.php?rest_route=\/wp\/v2\/pages\/41"}],"wp:attachment":[{"href":"https:\/\/waldbauverein-otterberg.de\/index.php?rest_route=%2Fwp%2Fv2%2Fmedia&parent=601"}],"curies":[{"name":"wp","href":"https:\/\/api.w.org\/{rel}","templated":true}]}}