{"id":640,"date":"2025-02-24T12:33:05","date_gmt":"2025-02-24T12:33:05","guid":{"rendered":"https:\/\/waldbauverein-otterberg.de\/?page_id=640"},"modified":"2025-10-23T22:11:55","modified_gmt":"2025-10-23T22:11:55","slug":"smart-skidder","status":"publish","type":"page","link":"https:\/\/waldbauverein-otterberg.de\/?page_id=640","title":{"rendered":"Smart Skidder"},"content":{"rendered":"\n<p>Am Freitag, dem<strong> 14.2.25 um 13 Uhr trafen sich drei F\u00f6rster, 2 Angestellte der Firma Sutter aus Aschaffenburg, 2 Mitarbeiter der Firma Waldfee aus Pirmasens und drei interessierte Mitglieder des Waldbauvereins auf der Schanz in Ramstein.<\/strong><\/p>\n\n\n\n<p>Die Maschine &nbsp;&#8222;Smart Skidder&#8220; (Anschaffungspreis um 70.000 \u20ac) der Firma Sutter aus Aschaffenburg<\/p>\n\n\n\n<p>wurde zum R\u00fccken von St\u00e4mmen an einer Hanglage eingesetzt.<\/p>\n\n\n\n<p>Anschlie\u00dfend wurde eine kr\u00e4ftige Eiche gef\u00e4llt, die in der Krone schon abgestorben war. Deshalb wurde beim F\u00e4llen (fast) auf Keile verzichtet, der Schnitt wurde vom schneidenden F\u00f6rster erl\u00e4utert und sp\u00e4ter besprochen. Durch den Einsatz der Maschine \u00fcber eine Umlenkrolle konnte die F\u00e4llung aus sicherer Entfernung durchgef\u00fchrt werden.<\/p>\n\n\n\n<p>Die Firma Waldfee GmbH, Im Wiesel 6, 66954 Pirmasens, Tel. 0176 78 74 90 79 vermietet das Ger\u00e4t incl. H\u00e4nger tageweise. Bitte vorher abkl\u00e4ren, ob der PKW den H\u00e4nger ziehen darf. Eine Kontaktaufnahme ist auch die E-Mailadresse <a href=\"mailto:info@waldfee-gmbh.de\">info@waldfee-gmbh.de<\/a> m\u00f6glich.<\/p>\n\n\n\n<figure class=\"wp-block-image size-large\"><img loading=\"lazy\" decoding=\"async\" width=\"1024\" height=\"459\" src=\"https:\/\/waldbauverein-otterberg.de\/wp-content\/uploads\/2025\/02\/Technische-Erlaeuterung-1024x459.jpg\" alt=\"\" class=\"wp-image-641\" srcset=\"https:\/\/waldbauverein-otterberg.de\/wp-content\/uploads\/2025\/02\/Technische-Erlaeuterung-1024x459.jpg 1024w, https:\/\/waldbauverein-otterberg.de\/wp-content\/uploads\/2025\/02\/Technische-Erlaeuterung-300x134.jpg 300w, https:\/\/waldbauverein-otterberg.de\/wp-content\/uploads\/2025\/02\/Technische-Erlaeuterung-150x67.jpg 150w, https:\/\/waldbauverein-otterberg.de\/wp-content\/uploads\/2025\/02\/Technische-Erlaeuterung-768x344.jpg 768w, https:\/\/waldbauverein-otterberg.de\/wp-content\/uploads\/2025\/02\/Technische-Erlaeuterung-1536x688.jpg 1536w, https:\/\/waldbauverein-otterberg.de\/wp-content\/uploads\/2025\/02\/Technische-Erlaeuterung-2048x918.jpg 2048w, https:\/\/waldbauverein-otterberg.de\/wp-content\/uploads\/2025\/02\/Technische-Erlaeuterung-1200x538.jpg 1200w, https:\/\/waldbauverein-otterberg.de\/wp-content\/uploads\/2025\/02\/Technische-Erlaeuterung-1980x887.jpg 1980w\" sizes=\"auto, (max-width: 1024px) 100vw, 1024px\" \/><figcaption class=\"wp-element-caption\">Erste Begutachtung und Erl\u00e4uterung zur Entwicklung der Maschine<\/figcaption><\/figure>\n\n\n\n<figure class=\"wp-block-image size-large\"><img loading=\"lazy\" decoding=\"async\" width=\"1024\" height=\"459\" src=\"https:\/\/waldbauverein-otterberg.de\/wp-content\/uploads\/2025\/02\/Erlaeuterung-1024x459.jpg\" alt=\"\" class=\"wp-image-642\" srcset=\"https:\/\/waldbauverein-otterberg.de\/wp-content\/uploads\/2025\/02\/Erlaeuterung-1024x459.jpg 1024w, https:\/\/waldbauverein-otterberg.de\/wp-content\/uploads\/2025\/02\/Erlaeuterung-300x134.jpg 300w, https:\/\/waldbauverein-otterberg.de\/wp-content\/uploads\/2025\/02\/Erlaeuterung-150x67.jpg 150w, https:\/\/waldbauverein-otterberg.de\/wp-content\/uploads\/2025\/02\/Erlaeuterung-768x344.jpg 768w, https:\/\/waldbauverein-otterberg.de\/wp-content\/uploads\/2025\/02\/Erlaeuterung-1536x688.jpg 1536w, https:\/\/waldbauverein-otterberg.de\/wp-content\/uploads\/2025\/02\/Erlaeuterung-2048x918.jpg 2048w, https:\/\/waldbauverein-otterberg.de\/wp-content\/uploads\/2025\/02\/Erlaeuterung-1200x538.jpg 1200w, https:\/\/waldbauverein-otterberg.de\/wp-content\/uploads\/2025\/02\/Erlaeuterung-1980x887.jpg 1980w\" sizes=\"auto, (max-width: 1024px) 100vw, 1024px\" \/><figcaption class=\"wp-element-caption\">Begutachtung Tankf\u00fcllung, Luftaustritt, Sicherheitseinrichtungen, Stauraum.<\/figcaption><\/figure>\n\n\n\n<figure class=\"wp-block-image size-large\"><img loading=\"lazy\" decoding=\"async\" width=\"459\" height=\"1024\" src=\"https:\/\/waldbauverein-otterberg.de\/wp-content\/uploads\/2025\/02\/Baum-steht-459x1024.jpg\" alt=\"\" class=\"wp-image-643\" srcset=\"https:\/\/waldbauverein-otterberg.de\/wp-content\/uploads\/2025\/02\/Baum-steht-459x1024.jpg 459w, https:\/\/waldbauverein-otterberg.de\/wp-content\/uploads\/2025\/02\/Baum-steht-134x300.jpg 134w, https:\/\/waldbauverein-otterberg.de\/wp-content\/uploads\/2025\/02\/Baum-steht-67x150.jpg 67w, https:\/\/waldbauverein-otterberg.de\/wp-content\/uploads\/2025\/02\/Baum-steht-768x1714.jpg 768w, https:\/\/waldbauverein-otterberg.de\/wp-content\/uploads\/2025\/02\/Baum-steht-688x1536.jpg 688w, https:\/\/waldbauverein-otterberg.de\/wp-content\/uploads\/2025\/02\/Baum-steht-918x2048.jpg 918w, https:\/\/waldbauverein-otterberg.de\/wp-content\/uploads\/2025\/02\/Baum-steht-1200x2679.jpg 1200w, https:\/\/waldbauverein-otterberg.de\/wp-content\/uploads\/2025\/02\/Baum-steht-scaled.jpg 1147w\" sizes=\"auto, (max-width: 459px) 100vw, 459px\" \/><figcaption class=\"wp-element-caption\">Um diese Eiche geht es..<\/figcaption><\/figure>\n\n\n\n<figure class=\"wp-block-image size-large\"><img loading=\"lazy\" decoding=\"async\" width=\"1024\" height=\"459\" src=\"https:\/\/waldbauverein-otterberg.de\/wp-content\/uploads\/2025\/02\/Jetzt-spannen-1024x459.jpg\" alt=\"\" class=\"wp-image-645\" srcset=\"https:\/\/waldbauverein-otterberg.de\/wp-content\/uploads\/2025\/02\/Jetzt-spannen-1024x459.jpg 1024w, https:\/\/waldbauverein-otterberg.de\/wp-content\/uploads\/2025\/02\/Jetzt-spannen-300x134.jpg 300w, https:\/\/waldbauverein-otterberg.de\/wp-content\/uploads\/2025\/02\/Jetzt-spannen-150x67.jpg 150w, https:\/\/waldbauverein-otterberg.de\/wp-content\/uploads\/2025\/02\/Jetzt-spannen-768x344.jpg 768w, https:\/\/waldbauverein-otterberg.de\/wp-content\/uploads\/2025\/02\/Jetzt-spannen-1536x688.jpg 1536w, https:\/\/waldbauverein-otterberg.de\/wp-content\/uploads\/2025\/02\/Jetzt-spannen-2048x918.jpg 2048w, https:\/\/waldbauverein-otterberg.de\/wp-content\/uploads\/2025\/02\/Jetzt-spannen-1200x538.jpg 1200w, https:\/\/waldbauverein-otterberg.de\/wp-content\/uploads\/2025\/02\/Jetzt-spannen-1980x887.jpg 1980w\" sizes=\"auto, (max-width: 1024px) 100vw, 1024px\" \/><figcaption class=\"wp-element-caption\">Spannen des Zugseils aus sicherer Entfernung<\/figcaption><\/figure>\n\n\n\n<figure class=\"wp-block-image size-large\"><img loading=\"lazy\" decoding=\"async\" width=\"459\" height=\"1024\" src=\"https:\/\/waldbauverein-otterberg.de\/wp-content\/uploads\/2025\/02\/Baum-und-Stumpf-459x1024.jpg\" alt=\"\" class=\"wp-image-646\" srcset=\"https:\/\/waldbauverein-otterberg.de\/wp-content\/uploads\/2025\/02\/Baum-und-Stumpf-459x1024.jpg 459w, https:\/\/waldbauverein-otterberg.de\/wp-content\/uploads\/2025\/02\/Baum-und-Stumpf-134x300.jpg 134w, https:\/\/waldbauverein-otterberg.de\/wp-content\/uploads\/2025\/02\/Baum-und-Stumpf-67x150.jpg 67w, https:\/\/waldbauverein-otterberg.de\/wp-content\/uploads\/2025\/02\/Baum-und-Stumpf-768x1714.jpg 768w, https:\/\/waldbauverein-otterberg.de\/wp-content\/uploads\/2025\/02\/Baum-und-Stumpf-688x1536.jpg 688w, https:\/\/waldbauverein-otterberg.de\/wp-content\/uploads\/2025\/02\/Baum-und-Stumpf-918x2048.jpg 918w, https:\/\/waldbauverein-otterberg.de\/wp-content\/uploads\/2025\/02\/Baum-und-Stumpf-1200x2679.jpg 1200w, https:\/\/waldbauverein-otterberg.de\/wp-content\/uploads\/2025\/02\/Baum-und-Stumpf-scaled.jpg 1147w\" sizes=\"auto, (max-width: 459px) 100vw, 459px\" \/><figcaption class=\"wp-element-caption\">Gef\u00e4llter Baum und Baumstumpf<\/figcaption><\/figure>\n\n\n\n<figure class=\"wp-block-image size-large\"><img loading=\"lazy\" decoding=\"async\" width=\"1024\" height=\"738\" src=\"https:\/\/waldbauverein-otterberg.de\/wp-content\/uploads\/2025\/02\/Keileinsatz-1024x738.jpg\" alt=\"\" class=\"wp-image-647\" srcset=\"https:\/\/waldbauverein-otterberg.de\/wp-content\/uploads\/2025\/02\/Keileinsatz-1024x738.jpg 1024w, https:\/\/waldbauverein-otterberg.de\/wp-content\/uploads\/2025\/02\/Keileinsatz-300x216.jpg 300w, https:\/\/waldbauverein-otterberg.de\/wp-content\/uploads\/2025\/02\/Keileinsatz-150x108.jpg 150w, https:\/\/waldbauverein-otterberg.de\/wp-content\/uploads\/2025\/02\/Keileinsatz-768x553.jpg 768w, https:\/\/waldbauverein-otterberg.de\/wp-content\/uploads\/2025\/02\/Keileinsatz-1536x1107.jpg 1536w, https:\/\/waldbauverein-otterberg.de\/wp-content\/uploads\/2025\/02\/Keileinsatz-1200x865.jpg 1200w, https:\/\/waldbauverein-otterberg.de\/wp-content\/uploads\/2025\/02\/Keileinsatz.jpg 1747w\" sizes=\"auto, (max-width: 1024px) 100vw, 1024px\" \/><figcaption class=\"wp-element-caption\">Erl\u00e4uterung des Keileinsatzes<\/figcaption><\/figure>\n","protected":false},"excerpt":{"rendered":"<p>Am Freitag, dem 14.2.25 um 13 Uhr trafen sich drei F\u00f6rster, 2 Angestellte der Firma Sutter aus Aschaffenburg, 2 Mitarbeiter der Firma Waldfee aus Pirmasens und drei interessierte Mitglieder des Waldbauvereins auf der Schanz in Ramstein. Die Maschine &nbsp;&#8222;Smart Skidder&#8220; (Anschaffungspreis um 70.000 \u20ac) der Firma Sutter aus Aschaffenburg wurde zum R\u00fccken von St\u00e4mmen an [&hellip;]<\/p>\n","protected":false},"author":1,"featured_media":0,"parent":41,"menu_order":31,"comment_status":"closed","ping_status":"closed","template":"","meta":{"footnotes":""},"class_list":["post-640","page","type-page","status-publish","hentry"],"_links":{"self":[{"href":"https:\/\/waldbauverein-otterberg.de\/index.php?rest_route=\/wp\/v2\/pages\/640","targetHints":{"allow":["GET"]}}],"collection":[{"href":"https:\/\/waldbauverein-otterberg.de\/index.php?rest_route=\/wp\/v2\/pages"}],"about":[{"href":"https:\/\/waldbauverein-otterberg.de\/index.php?rest_route=\/wp\/v2\/types\/page"}],"author":[{"embeddable":true,"href":"https:\/\/waldbauverein-otterberg.de\/index.php?rest_route=\/wp\/v2\/users\/1"}],"replies":[{"embeddable":true,"href":"https:\/\/waldbauverein-otterberg.de\/index.php?rest_route=%2Fwp%2Fv2%2Fcomments&post=640"}],"version-history":[{"count":1,"href":"https:\/\/waldbauverein-otterberg.de\/index.php?rest_route=\/wp\/v2\/pages\/640\/revisions"}],"predecessor-version":[{"id":649,"href":"https:\/\/waldbauverein-otterberg.de\/index.php?rest_route=\/wp\/v2\/pages\/640\/revisions\/649"}],"up":[{"embeddable":true,"href":"https:\/\/waldbauverein-otterberg.de\/index.php?rest_route=\/wp\/v2\/pages\/41"}],"wp:attachment":[{"href":"https:\/\/waldbauverein-otterberg.de\/index.php?rest_route=%2Fwp%2Fv2%2Fmedia&parent=640"}],"curies":[{"name":"wp","href":"https:\/\/api.w.org\/{rel}","templated":true}]}}