{"id":729,"date":"2025-10-23T17:40:43","date_gmt":"2025-10-23T17:40:43","guid":{"rendered":"https:\/\/waldbauverein-otterberg.de\/?page_id=729"},"modified":"2026-01-22T13:58:40","modified_gmt":"2026-01-22T13:58:40","slug":"harzexkursion-2025","status":"publish","type":"page","link":"https:\/\/waldbauverein-otterberg.de\/?page_id=729","title":{"rendered":"Harzexkursion 2025"},"content":{"rendered":"\n<p>Der Waldbauverein Otterberg reiste Mitte September 2025 mit \u00fcber vierzig Mitgliedern zur gro\u00dfen Waldbauexkursion in den Harz. Bereits auf dem Hinweg wurde ein Exkursionspunkt an der Staustufe Rappbodetalsperre eingelegt. Danach wurde das Hotel in Allrode \/ Thale bezogen. Am zweiten Tag f\u00fchrte Hans Schattenberg als Forstbetriebsleiter des Forstbetriebes Ostharz die Exkursionsteilnehmer:innen durch \u201eseinen\u201c Wald. Zun\u00e4chst gab es beim Pfeil-Denkmal im Forstrevier G\u00fcntersberge eine Einf\u00fchrung in die s\u00e4chsisch-anhaltinische Forstverwaltung und speziell in den Forstbetrieb Ostharz. Schattenberg erl\u00e4uterte auch die besonderen Umst\u00e4nde nach der Wende 1990: \u201eDie Leute mussten an ihren Wald herangef\u00fchrt werden\u201c. Nat\u00fcrlich durfte die Vita des Forstklassikers Friedrich Wilhelm Leopold Pfeil (1783-1859) nicht fehlen. Pfeil wurde hier im Revier Dambachhaus geboren und er \u00fcbte seine praktische T\u00e4tigkeiten \u00fcberwiegend im Harz aus. Seine Beobachtungsgabe gilt als au\u00dferordentlich brillant. Als Autodidakt beteiligte er sich an wissenschaftlichen Diskursen um den Waldbau und um den Waldstandort. Er besch\u00e4ftigte sich sehr intensiv mit der Waldkiefer und mit dem Anbau von fremdl\u00e4ndischen Baumarten, denen er ablehnend gegen\u00fcber stand. Die Verleihung der Titel Oberforstrat und Professor waren die zwangsl\u00e4ufige Folge seiner zahlreichen Ver\u00f6ffentlichungen und Diskussionsbeitr\u00e4gen, die durchaus kontrovers und kritisch waren. Sein auf ihn zur\u00fcckgehendes \u201eeiserne Gesetz des \u00d6rtlichen\u201c gilt bis heute und ist eine Maxime f\u00fcr die gesamte Forst- und Waldwirtschaft.<\/p>\n\n\n\n<p>Schattenberg f\u00fchrte die interessierte Gruppe zu gro\u00dffl\u00e4chigen Jungwaldfl\u00e4chen: Neben den schwerwiegenden Folgen verursacht durch das Orkantief Friederike im Januar 2018 bereiten absterbende Buchen, vom Eichenpracht- und -kernk\u00e4fer befallene Eichen und zwischenzeitlich auch die weltweite Klimaver\u00e4nderung gro\u00dfe waldbauliche Probleme. Sachsen-Anhalt versucht -\u00e4hnlich wie die anderen Forstverwaltungen-mit einem breitgef\u00e4chertem Baumarten-Mix eine gewisse Sicherheit in der Wald- und Holzwirtschaft zu gew\u00e4hrleisten. So werden bestimmte Fl\u00e4chen aktiv aufgeforstet (jedoch nicht mit Fichte) und andere Fl\u00e4che werden der Naturverj\u00fcngung \u00fcberlassen. Angelegte Saatgutbest\u00e4nde f\u00fcr Tanne, H\u00f6henkiefer, K\u00fcstentanne und Eiche sowie eine betriebseigene Darre helfen die Engp\u00e4sse bei der Saatgutbeschaffung und das begrenzte Angebot an Setzlingen abzumildern.<\/p>\n\n\n\n<p>Die Besichtigung der von der UNESCO als Weltkulturerbe ausgezeichneten Altstadt von Quedlingburg rundeten den Tag ab. Mit der bequemen Kabinenbahn ging es am n\u00e4chsten Tag von Thale zum Hexentanzplatz. Schon diese Fahrt in die H\u00f6he begeisterte mit einer herrlicher Aussicht, die noch durch atemberaubende Ausblicke vom Hexentanzplatz-Plateau aus auf das Bodetal erg\u00e4nzt wurde. Die Altstadt im nahegelegenen Wernigerode mit ihren wundersch\u00f6nen Fachwerkh\u00e4usern durfte selbstverst\u00e4ndlich nicht fehlen. Und erst der Zwischenstopp in Alsfeld in Hessen- etwa auf halber Strecke bei der Heimfahrt- beendete das umfangreiche Stadtbesichtigungsprogramm.<br>So erreichten alle wohlbehalten ihre pf\u00e4lzische Heimat: reicher an sch\u00f6nen Eindr\u00fccken von waldbaulich interessanten Exkursionsbildern und von mittelalterlichen St\u00e4dten mit architektonischen Juwelen, versorgt mit guter Verpflegung und in geselliger Runde reisend. Alle Teilnehmer:innen hoffen auf eine weitere gro\u00dfe Waldbaulehrfahrt im n\u00e4chsten Jahr.<\/p>\n\n\n\n<figure class=\"wp-block-image size-large\"><img loading=\"lazy\" decoding=\"async\" width=\"461\" height=\"1024\" src=\"https:\/\/waldbauverein-otterberg.de\/wp-content\/uploads\/2025\/10\/01_Pfeil-Denkmal-im-Ostharz-461x1024.jpg\" alt=\"\" class=\"wp-image-730\" srcset=\"https:\/\/waldbauverein-otterberg.de\/wp-content\/uploads\/2025\/10\/01_Pfeil-Denkmal-im-Ostharz-461x1024.jpg 461w, https:\/\/waldbauverein-otterberg.de\/wp-content\/uploads\/2025\/10\/01_Pfeil-Denkmal-im-Ostharz-135x300.jpg 135w, https:\/\/waldbauverein-otterberg.de\/wp-content\/uploads\/2025\/10\/01_Pfeil-Denkmal-im-Ostharz-68x150.jpg 68w, https:\/\/waldbauverein-otterberg.de\/wp-content\/uploads\/2025\/10\/01_Pfeil-Denkmal-im-Ostharz-768x1705.jpg 768w, https:\/\/waldbauverein-otterberg.de\/wp-content\/uploads\/2025\/10\/01_Pfeil-Denkmal-im-Ostharz-692x1536.jpg 692w, https:\/\/waldbauverein-otterberg.de\/wp-content\/uploads\/2025\/10\/01_Pfeil-Denkmal-im-Ostharz-922x2048.jpg 922w, https:\/\/waldbauverein-otterberg.de\/wp-content\/uploads\/2025\/10\/01_Pfeil-Denkmal-im-Ostharz-1200x2664.jpg 1200w, https:\/\/waldbauverein-otterberg.de\/wp-content\/uploads\/2025\/10\/01_Pfeil-Denkmal-im-Ostharz-scaled.jpg 1153w\" sizes=\"auto, (max-width: 461px) 100vw, 461px\" \/><figcaption class=\"wp-element-caption\">Pfeil-Denkmal im Ostharz<\/figcaption><\/figure>\n\n\n\n<figure class=\"wp-block-image size-large\"><img loading=\"lazy\" decoding=\"async\" width=\"1024\" height=\"461\" src=\"https:\/\/waldbauverein-otterberg.de\/wp-content\/uploads\/2025\/10\/02_WBV-Otterberg-im-Ostharz-2025-1024x461.jpg\" alt=\"\" class=\"wp-image-731\" srcset=\"https:\/\/waldbauverein-otterberg.de\/wp-content\/uploads\/2025\/10\/02_WBV-Otterberg-im-Ostharz-2025-1024x461.jpg 1024w, https:\/\/waldbauverein-otterberg.de\/wp-content\/uploads\/2025\/10\/02_WBV-Otterberg-im-Ostharz-2025-300x135.jpg 300w, https:\/\/waldbauverein-otterberg.de\/wp-content\/uploads\/2025\/10\/02_WBV-Otterberg-im-Ostharz-2025-150x68.jpg 150w, https:\/\/waldbauverein-otterberg.de\/wp-content\/uploads\/2025\/10\/02_WBV-Otterberg-im-Ostharz-2025-768x346.jpg 768w, https:\/\/waldbauverein-otterberg.de\/wp-content\/uploads\/2025\/10\/02_WBV-Otterberg-im-Ostharz-2025-1536x692.jpg 1536w, https:\/\/waldbauverein-otterberg.de\/wp-content\/uploads\/2025\/10\/02_WBV-Otterberg-im-Ostharz-2025-2048x922.jpg 2048w, https:\/\/waldbauverein-otterberg.de\/wp-content\/uploads\/2025\/10\/02_WBV-Otterberg-im-Ostharz-2025-1200x540.jpg 1200w, https:\/\/waldbauverein-otterberg.de\/wp-content\/uploads\/2025\/10\/02_WBV-Otterberg-im-Ostharz-2025-1980x892.jpg 1980w\" sizes=\"auto, (max-width: 1024px) 100vw, 1024px\" \/><figcaption class=\"wp-element-caption\">Gruppenbild vorm Denkmal<\/figcaption><\/figure>\n","protected":false},"excerpt":{"rendered":"<p>Der Waldbauverein Otterberg reiste Mitte September 2025 mit \u00fcber vierzig Mitgliedern zur gro\u00dfen Waldbauexkursion in den Harz. Bereits auf dem Hinweg wurde ein Exkursionspunkt an der Staustufe Rappbodetalsperre eingelegt. Danach wurde das Hotel in Allrode \/ Thale bezogen. Am zweiten Tag f\u00fchrte Hans Schattenberg als Forstbetriebsleiter des Forstbetriebes Ostharz die Exkursionsteilnehmer:innen durch \u201eseinen\u201c Wald. Zun\u00e4chst [&hellip;]<\/p>\n","protected":false},"author":1,"featured_media":0,"parent":41,"menu_order":28,"comment_status":"closed","ping_status":"closed","template":"","meta":{"footnotes":""},"class_list":["post-729","page","type-page","status-publish","hentry"],"_links":{"self":[{"href":"https:\/\/waldbauverein-otterberg.de\/index.php?rest_route=\/wp\/v2\/pages\/729","targetHints":{"allow":["GET"]}}],"collection":[{"href":"https:\/\/waldbauverein-otterberg.de\/index.php?rest_route=\/wp\/v2\/pages"}],"about":[{"href":"https:\/\/waldbauverein-otterberg.de\/index.php?rest_route=\/wp\/v2\/types\/page"}],"author":[{"embeddable":true,"href":"https:\/\/waldbauverein-otterberg.de\/index.php?rest_route=\/wp\/v2\/users\/1"}],"replies":[{"embeddable":true,"href":"https:\/\/waldbauverein-otterberg.de\/index.php?rest_route=%2Fwp%2Fv2%2Fcomments&post=729"}],"version-history":[{"count":3,"href":"https:\/\/waldbauverein-otterberg.de\/index.php?rest_route=\/wp\/v2\/pages\/729\/revisions"}],"predecessor-version":[{"id":785,"href":"https:\/\/waldbauverein-otterberg.de\/index.php?rest_route=\/wp\/v2\/pages\/729\/revisions\/785"}],"up":[{"embeddable":true,"href":"https:\/\/waldbauverein-otterberg.de\/index.php?rest_route=\/wp\/v2\/pages\/41"}],"wp:attachment":[{"href":"https:\/\/waldbauverein-otterberg.de\/index.php?rest_route=%2Fwp%2Fv2%2Fmedia&parent=729"}],"curies":[{"name":"wp","href":"https:\/\/api.w.org\/{rel}","templated":true}]}}