{"id":786,"date":"2026-01-22T14:02:08","date_gmt":"2026-01-22T14:02:08","guid":{"rendered":"https:\/\/waldbauverein-otterberg.de\/?page_id=786"},"modified":"2026-03-29T21:26:09","modified_gmt":"2026-03-29T21:26:09","slug":"lennebergwald","status":"publish","type":"page","link":"https:\/\/waldbauverein-otterberg.de\/?page_id=786","title":{"rendered":"Lennebergwald 2025"},"content":{"rendered":"\n<p>Am 12. November 2025 konnte sich der WBV \u00fcber Stefan Dorschel und Fabian Emde \u00fcber den Lennebergwald, der in der N\u00e4he der Landeshauptstadt Mainz liegt, informieren. Zun\u00e4chst fiel allen Teilnehmer:innen, es waren ausdr\u00fccklich auch Nichtmitglieder eingeladen, auf, dass der Wald gar nicht wie ein &#8222;normaler&#8220; Wald aussieht. Hier geht es vornehmlich um Naturschutz und um Besucherlenkung. Die D\u00fcnen des Lennebergwaldes stellen eine Besonderheit in der Region dar. Sie beherbergen eine eher selten vorkommende Flora. Bei etwa einer Million Waldbesucher im Jahr ist es von gro\u00dfer Bedeutung, dass diese sich \u00fcberwiegend auf den Wegen bewegen sollten. Finanziert wird die Bewirtschaftung und Unterhaltung des Lennebergwaldes von deren Eigent\u00fcmerinnen, das sind die Kommunen Mainz und Budenheim, deren B\u00fcrgermeister sich beim Vorsitz im Verein abwechseln. In diesem Zusammenhang ist eine aufkl\u00e4rende Information wichtig. Ferner muss mit den zahlreichen Anfragen umgegangen werden. Nicht selten werden Beschwerden direkt an die Landesregierung gerichtet.<br>Zum Abschluss blieb die Gruppe in Rheinhessen und alle Exkursionsteilnehmer:innen st\u00e4rkten sich im Weingut M\u00e4nnchen in Worms-Heppenheim f\u00fcr die Heimfahrt in die Nordpfalz.<\/p>\n\n\n\n<figure class=\"wp-block-gallery has-nested-images columns-default is-cropped wp-block-gallery-1 is-layout-flex wp-block-gallery-is-layout-flex\">\n<figure class=\"wp-block-image size-large\"><img loading=\"lazy\" decoding=\"async\" width=\"1024\" height=\"459\" data-id=\"788\" src=\"https:\/\/waldbauverein-otterberg.de\/wp-content\/uploads\/2026\/01\/IMG_20251112-1024x459.jpg\" alt=\"\" class=\"wp-image-788\" srcset=\"https:\/\/waldbauverein-otterberg.de\/wp-content\/uploads\/2026\/01\/IMG_20251112-1024x459.jpg 1024w, https:\/\/waldbauverein-otterberg.de\/wp-content\/uploads\/2026\/01\/IMG_20251112-300x134.jpg 300w, https:\/\/waldbauverein-otterberg.de\/wp-content\/uploads\/2026\/01\/IMG_20251112-150x67.jpg 150w, https:\/\/waldbauverein-otterberg.de\/wp-content\/uploads\/2026\/01\/IMG_20251112-768x344.jpg 768w, https:\/\/waldbauverein-otterberg.de\/wp-content\/uploads\/2026\/01\/IMG_20251112-1536x688.jpg 1536w, https:\/\/waldbauverein-otterberg.de\/wp-content\/uploads\/2026\/01\/IMG_20251112-2048x918.jpg 2048w, https:\/\/waldbauverein-otterberg.de\/wp-content\/uploads\/2026\/01\/IMG_20251112-1200x538.jpg 1200w, https:\/\/waldbauverein-otterberg.de\/wp-content\/uploads\/2026\/01\/IMG_20251112-1980x887.jpg 1980w\" sizes=\"auto, (max-width: 1024px) 100vw, 1024px\" \/><\/figure>\n\n\n\n<figure class=\"wp-block-image size-large\"><img loading=\"lazy\" decoding=\"async\" width=\"1024\" height=\"605\" data-id=\"787\" src=\"https:\/\/waldbauverein-otterberg.de\/wp-content\/uploads\/2026\/01\/IMG_20251112-Baum-1024x605.jpg\" alt=\"\" class=\"wp-image-787\" srcset=\"https:\/\/waldbauverein-otterberg.de\/wp-content\/uploads\/2026\/01\/IMG_20251112-Baum-1024x605.jpg 1024w, https:\/\/waldbauverein-otterberg.de\/wp-content\/uploads\/2026\/01\/IMG_20251112-Baum-300x177.jpg 300w, https:\/\/waldbauverein-otterberg.de\/wp-content\/uploads\/2026\/01\/IMG_20251112-Baum-150x89.jpg 150w, https:\/\/waldbauverein-otterberg.de\/wp-content\/uploads\/2026\/01\/IMG_20251112-Baum-768x454.jpg 768w, https:\/\/waldbauverein-otterberg.de\/wp-content\/uploads\/2026\/01\/IMG_20251112-Baum-1536x908.jpg 1536w, https:\/\/waldbauverein-otterberg.de\/wp-content\/uploads\/2026\/01\/IMG_20251112-Baum-2048x1210.jpg 2048w, https:\/\/waldbauverein-otterberg.de\/wp-content\/uploads\/2026\/01\/IMG_20251112-Baum-1200x709.jpg 1200w, https:\/\/waldbauverein-otterberg.de\/wp-content\/uploads\/2026\/01\/IMG_20251112-Baum-1980x1170.jpg 1980w\" sizes=\"auto, (max-width: 1024px) 100vw, 1024px\" \/><\/figure>\n\n\n\n<figure class=\"wp-block-image size-large\"><img loading=\"lazy\" decoding=\"async\" width=\"1024\" height=\"459\" data-id=\"791\" src=\"https:\/\/waldbauverein-otterberg.de\/wp-content\/uploads\/2026\/01\/Lennewald01-1024x459.jpg\" alt=\"\" class=\"wp-image-791\" srcset=\"https:\/\/waldbauverein-otterberg.de\/wp-content\/uploads\/2026\/01\/Lennewald01-1024x459.jpg 1024w, https:\/\/waldbauverein-otterberg.de\/wp-content\/uploads\/2026\/01\/Lennewald01-300x134.jpg 300w, https:\/\/waldbauverein-otterberg.de\/wp-content\/uploads\/2026\/01\/Lennewald01-150x67.jpg 150w, https:\/\/waldbauverein-otterberg.de\/wp-content\/uploads\/2026\/01\/Lennewald01-768x344.jpg 768w, https:\/\/waldbauverein-otterberg.de\/wp-content\/uploads\/2026\/01\/Lennewald01-1536x688.jpg 1536w, https:\/\/waldbauverein-otterberg.de\/wp-content\/uploads\/2026\/01\/Lennewald01-2048x918.jpg 2048w, https:\/\/waldbauverein-otterberg.de\/wp-content\/uploads\/2026\/01\/Lennewald01-1200x538.jpg 1200w, https:\/\/waldbauverein-otterberg.de\/wp-content\/uploads\/2026\/01\/Lennewald01-1980x887.jpg 1980w\" sizes=\"auto, (max-width: 1024px) 100vw, 1024px\" \/><\/figure>\n\n\n\n<figure class=\"wp-block-image size-large\"><img loading=\"lazy\" decoding=\"async\" width=\"1024\" height=\"459\" data-id=\"789\" src=\"https:\/\/waldbauverein-otterberg.de\/wp-content\/uploads\/2026\/01\/Lennewald02-1024x459.jpg\" alt=\"\" class=\"wp-image-789\" srcset=\"https:\/\/waldbauverein-otterberg.de\/wp-content\/uploads\/2026\/01\/Lennewald02-1024x459.jpg 1024w, https:\/\/waldbauverein-otterberg.de\/wp-content\/uploads\/2026\/01\/Lennewald02-300x134.jpg 300w, https:\/\/waldbauverein-otterberg.de\/wp-content\/uploads\/2026\/01\/Lennewald02-150x67.jpg 150w, https:\/\/waldbauverein-otterberg.de\/wp-content\/uploads\/2026\/01\/Lennewald02-768x344.jpg 768w, https:\/\/waldbauverein-otterberg.de\/wp-content\/uploads\/2026\/01\/Lennewald02-1536x688.jpg 1536w, https:\/\/waldbauverein-otterberg.de\/wp-content\/uploads\/2026\/01\/Lennewald02-2048x918.jpg 2048w, https:\/\/waldbauverein-otterberg.de\/wp-content\/uploads\/2026\/01\/Lennewald02-1200x538.jpg 1200w, https:\/\/waldbauverein-otterberg.de\/wp-content\/uploads\/2026\/01\/Lennewald02-1980x887.jpg 1980w\" sizes=\"auto, (max-width: 1024px) 100vw, 1024px\" \/><\/figure>\n\n\n\n<figure class=\"wp-block-image size-large\"><img loading=\"lazy\" decoding=\"async\" width=\"459\" height=\"1024\" data-id=\"790\" src=\"https:\/\/waldbauverein-otterberg.de\/wp-content\/uploads\/2026\/01\/Lennewald03-459x1024.jpg\" alt=\"\" class=\"wp-image-790\" srcset=\"https:\/\/waldbauverein-otterberg.de\/wp-content\/uploads\/2026\/01\/Lennewald03-459x1024.jpg 459w, https:\/\/waldbauverein-otterberg.de\/wp-content\/uploads\/2026\/01\/Lennewald03-134x300.jpg 134w, https:\/\/waldbauverein-otterberg.de\/wp-content\/uploads\/2026\/01\/Lennewald03-67x150.jpg 67w, https:\/\/waldbauverein-otterberg.de\/wp-content\/uploads\/2026\/01\/Lennewald03-768x1714.jpg 768w, https:\/\/waldbauverein-otterberg.de\/wp-content\/uploads\/2026\/01\/Lennewald03-688x1536.jpg 688w, https:\/\/waldbauverein-otterberg.de\/wp-content\/uploads\/2026\/01\/Lennewald03-918x2048.jpg 918w, https:\/\/waldbauverein-otterberg.de\/wp-content\/uploads\/2026\/01\/Lennewald03-1200x2679.jpg 1200w, https:\/\/waldbauverein-otterberg.de\/wp-content\/uploads\/2026\/01\/Lennewald03-scaled.jpg 1147w\" sizes=\"auto, (max-width: 459px) 100vw, 459px\" \/><\/figure>\n<\/figure>\n","protected":false},"excerpt":{"rendered":"<p>Am 12. November 2025 konnte sich der WBV \u00fcber Stefan Dorschel und Fabian Emde \u00fcber den Lennebergwald, der in der N\u00e4he der Landeshauptstadt Mainz liegt, informieren. Zun\u00e4chst fiel allen Teilnehmer:innen, es waren ausdr\u00fccklich auch Nichtmitglieder eingeladen, auf, dass der Wald gar nicht wie ein &#8222;normaler&#8220; Wald aussieht. Hier geht es vornehmlich um Naturschutz und um [&hellip;]<\/p>\n","protected":false},"author":1,"featured_media":0,"parent":41,"menu_order":3,"comment_status":"closed","ping_status":"closed","template":"","meta":{"footnotes":""},"class_list":["post-786","page","type-page","status-publish","hentry"],"_links":{"self":[{"href":"https:\/\/waldbauverein-otterberg.de\/index.php?rest_route=\/wp\/v2\/pages\/786","targetHints":{"allow":["GET"]}}],"collection":[{"href":"https:\/\/waldbauverein-otterberg.de\/index.php?rest_route=\/wp\/v2\/pages"}],"about":[{"href":"https:\/\/waldbauverein-otterberg.de\/index.php?rest_route=\/wp\/v2\/types\/page"}],"author":[{"embeddable":true,"href":"https:\/\/waldbauverein-otterberg.de\/index.php?rest_route=\/wp\/v2\/users\/1"}],"replies":[{"embeddable":true,"href":"https:\/\/waldbauverein-otterberg.de\/index.php?rest_route=%2Fwp%2Fv2%2Fcomments&post=786"}],"version-history":[{"count":3,"href":"https:\/\/waldbauverein-otterberg.de\/index.php?rest_route=\/wp\/v2\/pages\/786\/revisions"}],"predecessor-version":[{"id":805,"href":"https:\/\/waldbauverein-otterberg.de\/index.php?rest_route=\/wp\/v2\/pages\/786\/revisions\/805"}],"up":[{"embeddable":true,"href":"https:\/\/waldbauverein-otterberg.de\/index.php?rest_route=\/wp\/v2\/pages\/41"}],"wp:attachment":[{"href":"https:\/\/waldbauverein-otterberg.de\/index.php?rest_route=%2Fwp%2Fv2%2Fmedia&parent=786"}],"curies":[{"name":"wp","href":"https:\/\/api.w.org\/{rel}","templated":true}]}}